{"id":1291,"date":"2022-02-14T19:44:00","date_gmt":"2022-02-14T18:44:00","guid":{"rendered":"https:\/\/1fcbrelingen.de\/jsg_wedemark\/?page_id=1291"},"modified":"2025-06-05T20:39:29","modified_gmt":"2025-06-05T18:39:29","slug":"trainer-innen","status":"publish","type":"page","link":"https:\/\/1fcbrelingen.de\/jsg_wedemark\/trainer-innen\/","title":{"rendered":"Trainer\/-innen"},"content":{"rendered":"\n<h2 class=\"wp-block-heading has-pale-cyan-blue-color has-text-color\" id=\"traumjob-an-der-seitenlinie\">TRAUMJOB AN DER SEITENLINIE<\/h2>\n\n\n\n<p>Unsere Trainerinnen und Trainer eint eines: Sie lieben das Spiel!<\/p>\n\n\n\n<p>Diese Faszination an die n\u00e4chste Generation weiterzugeben, sie in die offenen und verborgenen Geheimnisse dieser Sportart einzuweihen ist daher Motivation und Vergn\u00fcgen zugleich. Hierbei setzen wir verst\u00e4rkt auf unsere vereinsinterne Kompetenz und bauen auf aktive und ehemalige Seniorenspieler\/-innen, Eltern oder interessierte Jugendliche aus unseren Juniorenteams. Oft bilden sich Trainerteams schon im unteren Jugendbereich bereits in den Ortsmannschaften. Wir sind aber auch immer offen und dankbar f\u00fcr Neuank\u00f6mmlinge, die sich f\u00fcr ein Trainer- oder Co-Traineramt interessieren. Denn eines ist oft Gewiss. Findet sich kein\/-e Trainer\/in direkt, sind wir auf deine Mithilfe und deinen Mut zur Verantwortung f\u00fcr unsere Kinder angewiesen. Es haben sich schon viele bei uns nach einer kurzen Eingew\u00f6hnungsphase schnell in die neue Aufgabe eingefunden. Allein wirst du auf jeden Fall nicht sein, denn unsere erfahrenen Kr\u00e4fte werden dich mit Freude und Dankbarkeit nach Kr\u00e4ften unterst\u00fctzen. <\/p>\n\n\n\n<p>Wir unterst\u00fctzen die Ausbildung zum <a href=\"https:\/\/www.nfv.de\/akademie\/trainer\/c-lizenz\" target=\"_blank\" rel=\"noreferrer noopener\">C-Lizenz-Trainer<\/a> in der <a href=\"https:\/\/www.nfv.de\/akademie\/nfv-akademie\/sportanlagen\" target=\"_blank\" rel=\"noreferrer noopener\">Akademie des NFV<\/a> in Barsinghausen oder \u00fcber die Seminare im <a href=\"https:\/\/www.nfv-region-hannover.de\/qualifizierung\/ausbildung\" target=\"_blank\" rel=\"noreferrer noopener\">Kreis Hannover<\/a>. F\u00fcr\u00a0alle Module der C-Lizenz kann\u00a0<strong>Bildungsurlaub\u00a0<\/strong>beantragt werden (anerkannt nach dem NBildUg, AZ.: 1213-0216). Einige unserer Jugendtrainer\/-innen besitzen bereits die Lizenz und verf\u00fcgen somit \u00fcber ein umfangreiches und der jeweiligen Altersstufe angepasstes Fachwissen sowie \u00fcber eine ausgezeichnete methodische Herangehensweise f\u00fcr ein lebendiges und effektives Training.<\/p>\n\n\n\n<p>Ebenso k\u00f6nnen wir f\u00fcr begeisterte Junior\/-innen den <a href=\"https:\/\/www.junior-coach.de\" target=\"_blank\" rel=\"noreferrer noopener\">NFV Junior Coach<\/a> nur empfehlen. Eine Erfahrung die \u00fcber den Sport hinaus wirkt.<\/p>\n","protected":false},"excerpt":{"rendered":"<p>TRAUMJOB AN DER SEITENLINIE Unsere Trainerinnen und Trainer eint eines: Sie lieben das Spiel! Diese Faszination an die n\u00e4chste Generation weiterzugeben, sie in die offenen und verborgenen Geheimnisse dieser Sportart einzuweihen ist daher Motivation und Vergn\u00fcgen zugleich. Hierbei setzen wir verst\u00e4rkt auf unsere vereinsinterne Kompetenz und bauen auf aktive und ehemalige Seniorenspieler\/-innen, Eltern oder interessierte [&hellip;]<\/p>\n","protected":false},"author":2,"featured_media":0,"parent":0,"menu_order":0,"comment_status":"closed","ping_status":"closed","template":"","meta":{"footnotes":""},"class_list":["post-1291","page","type-page","status-publish","hentry"],"_links":{"self":[{"href":"https:\/\/1fcbrelingen.de\/jsg_wedemark\/wp-json\/wp\/v2\/pages\/1291","targetHints":{"allow":["GET"]}}],"collection":[{"href":"https:\/\/1fcbrelingen.de\/jsg_wedemark\/wp-json\/wp\/v2\/pages"}],"about":[{"href":"https:\/\/1fcbrelingen.de\/jsg_wedemark\/wp-json\/wp\/v2\/types\/page"}],"author":[{"embeddable":true,"href":"https:\/\/1fcbrelingen.de\/jsg_wedemark\/wp-json\/wp\/v2\/users\/2"}],"replies":[{"embeddable":true,"href":"https:\/\/1fcbrelingen.de\/jsg_wedemark\/wp-json\/wp\/v2\/comments?post=1291"}],"version-history":[{"count":12,"href":"https:\/\/1fcbrelingen.de\/jsg_wedemark\/wp-json\/wp\/v2\/pages\/1291\/revisions"}],"predecessor-version":[{"id":2071,"href":"https:\/\/1fcbrelingen.de\/jsg_wedemark\/wp-json\/wp\/v2\/pages\/1291\/revisions\/2071"}],"wp:attachment":[{"href":"https:\/\/1fcbrelingen.de\/jsg_wedemark\/wp-json\/wp\/v2\/media?parent=1291"}],"curies":[{"name":"wp","href":"https:\/\/api.w.org\/{rel}","templated":true}]}}