{"id":36,"date":"2021-11-04T20:14:42","date_gmt":"2021-11-04T19:14:42","guid":{"rendered":"https:\/\/1fcbrelingen.de\/jsg_wedemark\/?page_id=36"},"modified":"2025-07-26T19:14:16","modified_gmt":"2025-07-26T17:14:16","slug":"a-junioren-i","status":"publish","type":"page","link":"https:\/\/1fcbrelingen.de\/jsg_wedemark\/mannschaften\/a-junioren-i\/","title":{"rendered":"A-Jugend"},"content":{"rendered":"\n<div class=\"wp-block-media-text alignwide is-stacked-on-mobile has-background\" style=\"background-color:#f5fbff;grid-template-columns:52% auto\"><figure class=\"wp-block-media-text__media\"><img loading=\"lazy\" decoding=\"async\" width=\"1024\" height=\"655\" src=\"https:\/\/1fcbrelingen.de\/jsg_wedemark\/wp-content\/uploads\/2025\/06\/C1-2023HAnnesSchaal-1920w-1024x655.webp\" alt=\"\" class=\"wp-image-2069 size-full\" srcset=\"https:\/\/1fcbrelingen.de\/jsg_wedemark\/wp-content\/uploads\/2025\/06\/C1-2023HAnnesSchaal-1920w-1024x655.webp 1024w, https:\/\/1fcbrelingen.de\/jsg_wedemark\/wp-content\/uploads\/2025\/06\/C1-2023HAnnesSchaal-1920w-300x192.webp 300w, https:\/\/1fcbrelingen.de\/jsg_wedemark\/wp-content\/uploads\/2025\/06\/C1-2023HAnnesSchaal-1920w-768x491.webp 768w, https:\/\/1fcbrelingen.de\/jsg_wedemark\/wp-content\/uploads\/2025\/06\/C1-2023HAnnesSchaal-1920w.webp 1161w\" sizes=\"auto, (max-width: 1024px) 100vw, 1024px\" \/><\/figure><div class=\"wp-block-media-text__content\">\n<div style=\"height:20px\" aria-hidden=\"true\" class=\"wp-block-spacer\"><\/div>\n\n\n\n<h3 class=\"wp-block-heading has-text-align-left has-pale-cyan-blue-color has-text-color\" id=\"A1\"><strong>A-JUNIOREN<\/strong><\/h3>\n\n\n\n<h6 class=\"wp-block-heading\"><em>Jahrg\u00e4nge 2007 und 2008<\/em><\/h6>\n\n\n\n<h4 class=\"wp-block-heading\">Kreisliga<\/h4>\n\n\n\n<h6 class=\"wp-block-heading\">Kreis Region Hannover VR 01<\/h6>\n\n\n\n<div style=\"height:15px\" aria-hidden=\"true\" class=\"wp-block-spacer\"><\/div>\n\n\n\n<h5 class=\"wp-block-heading\">Trainer Hannes Schaal<\/h5>\n\n\n\n<p>Tel.: (0160) 55 12 373<\/p>\n\n\n\n<p>E-Mail: <a href=\"mailto:schaal@scwedemark.de\">schaal@scwedemark.de<\/a><\/p>\n\n\n\n<div style=\"height:15px\" aria-hidden=\"true\" class=\"wp-block-spacer\"><\/div>\n\n\n\n<h5 class=\"wp-block-heading\">Co-Trainer Milto Anastassiadis<\/h5>\n\n\n\n<p>Tel.: (01520)  90 43 964<\/p>\n\n\n\n<p>E-Mail: <a href=\"mailto:anastassiadis@scwedemark.de\">anastassiadis@scwedemark.de<\/a><\/p>\n\n\n\n<div style=\"height:15px\" aria-hidden=\"true\" class=\"wp-block-spacer\"><\/div>\n\n\n\n<h5 class=\"wp-block-heading\">Spielort<\/h5>\n\n\n\n<p>Resse<\/p>\n\n\n\n<div style=\"height:15px\" aria-hidden=\"true\" class=\"wp-block-spacer\"><\/div>\n\n\n\n<h5 class=\"wp-block-heading\">Trainingszeiten<\/h5>\n\n\n\n<p>Montag 19:00 \u2013 20:30 Uhr in Bissendorf, Dienstag 18:30 \u2013 20:00 Uhr in Bissendorf und Freitag 16:00 \u2013 18:00 Uhr in Resse<\/p>\n\n\n\n<div style=\"height:20px\" aria-hidden=\"true\" class=\"wp-block-spacer\"><\/div>\n\n\n\n<div class=\"wp-block-buttons is-layout-flex wp-block-buttons-is-layout-flex\">\n<div class=\"wp-block-button has-custom-width wp-block-button__width-50\"><a class=\"wp-block-button__link wp-element-button\" href=\"#Berichte\">Berichte<\/a><\/div>\n\n\n\n<div class=\"wp-block-button has-custom-width wp-block-button__width-50 is-style-fill\" id=\"A2\"><a class=\"wp-block-button__link wp-element-button\" href=\"https:\/\/www.fussball.de\/mannschaft\/jsg-wedemark-resse-brelingen-sc-wedemark-niedersachsen\/-\/saison\/2526\/team-id\/02TIRS1H80000000VS5489BSVUALD4UK#!\" target=\"_blank\" rel=\"noreferrer noopener\">Ergebnisse<\/a><\/div>\n<\/div>\n<\/div><\/div>\n\n\n\n<div style=\"height:70px\" aria-hidden=\"true\" class=\"wp-block-spacer\"><\/div>\n\n\n\n<div class=\"wp-block-group alignfull has-white-background-color has-background\"><div class=\"wp-block-group__inner-container is-layout-flow wp-block-group-is-layout-flow\">\n<h2 class=\"wp-block-heading\" id=\"Berichte\">Berichte<\/h2>\n\n\n\n<hr class=\"wp-block-separator has-css-opacity\"\/>\n\n\n\n<div style=\"height:40px\" aria-hidden=\"true\" class=\"wp-block-spacer\"><\/div>\n\n\n\n<div class=\"wp-block-columns alignwide are-vertically-aligned-center is-layout-flex wp-container-core-columns-is-layout-9d6595d7 wp-block-columns-is-layout-flex\">\n<div class=\"wp-block-column is-layout-flow wp-block-column-is-layout-flow\" style=\"flex-basis:50%\">\n<p class=\"has-text-color has-medium-font-size\" style=\"color:#000000;line-height:1.1\"><strong>A-Jugend geht den Wedemarkweg<\/strong><\/p>\n<\/div>\n\n\n\n<div class=\"wp-block-column is-layout-flow wp-block-column-is-layout-flow\" style=\"flex-basis:50%\">\n<hr class=\"wp-block-separator has-text-color has-pale-cyan-blue-color has-css-opacity has-pale-cyan-blue-background-color has-background is-style-wide\"\/>\n<\/div>\n<\/div>\n\n\n\n<div class=\"wp-block-columns alignwide is-layout-flex wp-container-core-columns-is-layout-9d6595d7 wp-block-columns-is-layout-flex\">\n<div class=\"wp-block-column is-layout-flow wp-block-column-is-layout-flow\">\n<h6 class=\"wp-block-heading\">16.06.2024<\/h6>\n\n\n\n<p class=\"has-text-align-left\">JSG Wedemark und JSG Mellendorf\/Elze kooperieren in der Saison 24\/25<\/p>\n\n\n\n<div style=\"height:33px\" aria-hidden=\"true\" class=\"wp-block-spacer\"><\/div>\n\n\n\n<div style=\"height:10px\" aria-hidden=\"true\" class=\"wp-block-spacer\"><\/div>\n\n\n\n<p class=\"has-text-align-center has-small-font-size\"><\/p>\n<\/div>\n\n\n\n<div class=\"wp-block-column is-layout-flow wp-block-column-is-layout-flow\">\n<p>Von einer echten Win-Win-Regelung k\u00f6nnen beide Spielgemeinschaften an dieser Stelle sprechen. Sowohl die 2. A-Jugend der JSG Melldendorf\/Elze als auch die JSG Wedemark haben es sich von der Anzahl der verf\u00fcgbaren Spieler nicht zugetraut, als alleinige Mannschaft in die neue Saison zu starten.<\/p>\n\n\n\n<p>Auf Grund des guten Dialogs mit unseren Nachbarn in den vergangenen Wochen konnten wir eine echte Wedemark-L\u00f6sung erzielen. <\/p>\n\n\n\n<p><\/p>\n<\/div>\n\n\n\n<div class=\"wp-block-column is-layout-flow wp-block-column-is-layout-flow\">\n<p>Trainer des nun zusammenwachsenden Teams wird der bisherige B-Jugendtrainer der JSG Mellendorf\/Elze Florian Karus sein. Die Spiele werden in Elze stattfinden.<\/p>\n\n\n\n<p>Ansprechpartner auf Seiten der JSG Wedemark bleibt weiterhin Milto Annastassiadis. Interessierte am runden Leder der Jahrg\u00e4nge 2006\/07 k\u00f6nnen sich noch melden. Email: <a href=\"mailto:annastassiadis@scwedemark.de\">annastassiadis@scwedemark.de<\/a><\/p>\n<\/div>\n<\/div>\n\n\n\n<hr class=\"wp-block-separator has-css-opacity\"\/>\n\n\n\n<div style=\"height:40px\" aria-hidden=\"true\" class=\"wp-block-spacer\"><\/div>\n\n\n\n<div class=\"wp-block-columns alignwide are-vertically-aligned-center is-layout-flex wp-container-core-columns-is-layout-9d6595d7 wp-block-columns-is-layout-flex\">\n<div class=\"wp-block-column is-layout-flow wp-block-column-is-layout-flow\" style=\"flex-basis:50%\">\n<p class=\"has-text-color has-medium-font-size\" style=\"color:#000000;line-height:1.1\"><strong>A-Jugend verabschiedet sich aus dem Bezirk<\/strong><\/p>\n<\/div>\n\n\n\n<div class=\"wp-block-column is-layout-flow wp-block-column-is-layout-flow\" style=\"flex-basis:50%\">\n<hr class=\"wp-block-separator has-text-color has-pale-cyan-blue-color has-css-opacity has-pale-cyan-blue-background-color has-background is-style-wide\"\/>\n<\/div>\n<\/div>\n\n\n\n<div class=\"wp-block-columns alignwide is-layout-flex wp-container-core-columns-is-layout-9d6595d7 wp-block-columns-is-layout-flex\">\n<div class=\"wp-block-column is-layout-flow wp-block-column-is-layout-flow\">\n<h6 class=\"wp-block-heading\">11.06.2023<\/h6>\n\n\n\n<p class=\"has-text-align-left\">nach 6-j\u00e4hriger Zugeh\u00f6rigkeit ist sportlicher Abstieg besiegelt<\/p>\n\n\n\n<div style=\"height:33px\" aria-hidden=\"true\" class=\"wp-block-spacer\"><\/div>\n\n\n\n<div style=\"height:10px\" aria-hidden=\"true\" class=\"wp-block-spacer\"><\/div>\n\n\n\n<p class=\"has-text-align-center has-small-font-size\"><\/p>\n<\/div>\n\n\n\n<div class=\"wp-block-column is-layout-flow wp-block-column-is-layout-flow\">\n<p class=\"has-text-color has-extra-small-font-size\" style=\"color:#000000\">Nicht ganz ohne Stolz blicken wir auf eine sportlich erfolgreiche Zeit unserer jungen  Fu\u00dfballer zur\u00fcck. Los ging es im Sommer 2015, als die C-Jugend mit der Kreismeisterschaft den Aufstieg in die Bezirksliga klar machen konnte. Direkt 2 Jahre sp\u00e4ter, im Sommer 2017, konnte dieser Erfolg auch in der B-Jugend wiederholt werden. Eine tolle Saison, in der im selben Jahr auch der Aufstieg der A-Jugend in den Bezirk gelang.<\/p>\n\n\n\n<p class=\"has-text-color has-extra-small-font-size\" style=\"color:#000000\">Zur Saison 17\/18 konnte dann von der C- bis zur A-Jugend eine Bezirksligamannschaft im Leistungsbereich gemeldet werden. Aber sportlicher Erfolg kann auch zur B\u00fcrde der nachfolgenden Jahrg\u00e4nge werden. Nun muss auch die letzte verbliebene Mannschaft den Gang auf die Kreisebene antreten.<\/p>\n\n\n\n<p>Nachdem noch im Winter nach einer erfolgreichen Hinrunde auf den sportlichen Klassenerhalt gesetzt werden konnte, man befand sich mit Rang 8 auf dem ersten Nichtabstiegsplatz, konnten in der R\u00fcckrunde nur noch zwei unentschiedene Partien gegen die JSG Hannover West und die JSG Garbsen eingefahren werden.<\/p>\n\n\n\n<p><\/p>\n\n\n\n<p><\/p>\n<\/div>\n\n\n\n<div class=\"wp-block-column is-layout-flow wp-block-column-is-layout-flow\">\n<p>Wir danken den Jungs dieser Saison dennoch f\u00fcr ihre gute Einstellung und die ebenfalls bemerkenswerte sportliche Leistung.<\/p>\n\n\n\n<p>In den gesamten Jahren dieser Zeit konnten sich unsere jungen Sportler voll ihren Ambitionen widmen. Mit einer herausragenden Saison 19\/20 und dem Abschneiden auf dem 2. Tabellenrang konnte das bisher erfolgreichste Jahr in der Geschichte der JSG A-Jugend gekr\u00f6nt werden.<\/p>\n\n\n\n<p>In der kommenden Saison werden wir  in der A-Jugend mit einer lockeren Truppe in der 1. Kreisklasse antreten. Interessierte am runden Leder der Jahrg\u00e4nge 2005\/06 k\u00f6nnen sich noch bei Trainer Milto Annastassiadis melden. Email: <a href=\"mailto:annastassiadis@scwedemark.de\">annastassiadis@scwedemark.de<\/a><\/p>\n<\/div>\n<\/div>\n\n\n\n<hr class=\"wp-block-separator has-css-opacity\"\/>\n\n\n\n<div style=\"height:40px\" aria-hidden=\"true\" class=\"wp-block-spacer\"><\/div>\n\n\n\n<div class=\"wp-block-columns alignwide are-vertically-aligned-center is-layout-flex wp-container-core-columns-is-layout-9d6595d7 wp-block-columns-is-layout-flex\">\n<div class=\"wp-block-column is-layout-flow wp-block-column-is-layout-flow\" style=\"flex-basis:50%\">\n<p class=\"has-text-color has-medium-font-size\" style=\"color:#000000;line-height:1.1\"><strong>Saisonstart am 24. Juni 2022<\/strong><\/p>\n<\/div>\n\n\n\n<div class=\"wp-block-column is-layout-flow wp-block-column-is-layout-flow\" style=\"flex-basis:50%\">\n<hr class=\"wp-block-separator has-text-color has-pale-cyan-blue-color has-css-opacity has-pale-cyan-blue-background-color has-background is-style-wide\"\/>\n<\/div>\n<\/div>\n\n\n\n<div class=\"wp-block-columns alignwide is-layout-flex wp-container-core-columns-is-layout-9d6595d7 wp-block-columns-is-layout-flex\">\n<div class=\"wp-block-column is-layout-flow wp-block-column-is-layout-flow\">\n<h6 class=\"wp-block-heading\">10.06.2022<\/h6>\n\n\n\n<p class=\"has-text-align-left\">Neuer (alter) Trainer Markus Junk bittet zum Aufgalopp \ud83d\ude09<\/p>\n\n\n\n<div style=\"height:33px\" aria-hidden=\"true\" class=\"wp-block-spacer\"><\/div>\n\n\n\n<div style=\"height:10px\" aria-hidden=\"true\" class=\"wp-block-spacer\"><\/div>\n\n\n\n<p class=\"has-text-align-center has-small-font-size\"><\/p>\n<\/div>\n\n\n\n<div class=\"wp-block-column is-layout-flow wp-block-column-is-layout-flow\">\n<p class=\"has-text-color has-extra-small-font-size\" style=\"color:#000000\">Mit einer soliden Kaderst\u00e4rke von mind. 17 festen Zusagen startet die A-Jugend in die neue  Bezirksligasaison.<\/p>\n\n\n\n<p class=\"has-text-color has-extra-small-font-size\" style=\"color:#000000\">Los geht es mit einem <strong>Kick-Off-Termin am Freitag, den 24.06.2022 um 18:00 Uhr<\/strong> auf dem Sportgel\u00e4nde des SC Wedemark in Bissendorf\/ Wedemark.<\/p>\n<\/div>\n\n\n\n<div class=\"wp-block-column is-layout-flow wp-block-column-is-layout-flow\">\n<p>Geleitet werden die \u00dcbungseinheiten ab diesem Zeitpunkt vom Trainer der bisherigen A-II, Markus Junk, der viele seiner Spieler bereits aus den vergangenen Jahren kennt, sich aber ebenfalls darauf freut, sich den neuen Gesichtern aus der bisherigen A- und B-Jugend vorstellen zu k\u00f6nnen.<\/p>\n\n\n\n<p>Weiterhin k\u00f6nnen Spieler der Jahrg\u00e4nge 04 \/ 05, welche sich einer echten sportlichen Herausforderung stellen m\u00f6chten, gerne zu diesem Termin hinzusto\u00dfen oder sich im Vorfeld bei Markus Junk (Kontakt s.o. \/ A-II) melden.<\/p>\n<\/div>\n<\/div>\n\n\n\n<hr class=\"wp-block-separator has-css-opacity\"\/>\n\n\n\n<div style=\"height:40px\" aria-hidden=\"true\" class=\"wp-block-spacer\"><\/div>\n\n\n\n<div class=\"wp-block-columns alignwide are-vertically-aligned-center is-layout-flex wp-container-core-columns-is-layout-9d6595d7 wp-block-columns-is-layout-flex\">\n<div class=\"wp-block-column is-layout-flow wp-block-column-is-layout-flow\" style=\"flex-basis:50%\">\n<p class=\"has-text-color has-medium-font-size\" style=\"color:#000000;line-height:1.1\"><strong>Vorzeitiger Klassenerhalt<\/strong><\/p>\n<\/div>\n\n\n\n<div class=\"wp-block-column is-layout-flow wp-block-column-is-layout-flow\" style=\"flex-basis:50%\">\n<hr class=\"wp-block-separator has-text-color has-pale-cyan-blue-color has-css-opacity has-pale-cyan-blue-background-color has-background is-style-wide\"\/>\n<\/div>\n<\/div>\n\n\n\n<div class=\"wp-block-columns alignwide is-layout-flex wp-container-core-columns-is-layout-9d6595d7 wp-block-columns-is-layout-flex\">\n<div class=\"wp-block-column is-layout-flow wp-block-column-is-layout-flow\">\n<h6 class=\"wp-block-heading\">07.05.2022<\/h6>\n\n\n\n<p class=\"has-text-align-left\"><strong>Die A Jugend sichert sich vorzeitig den Klassenerhalt in der Bezirksliga<\/strong><\/p>\n\n\n\n<div style=\"height:33px\" aria-hidden=\"true\" class=\"wp-block-spacer\"><\/div>\n\n\n\n<figure class=\"wp-block-gallery has-nested-images columns-default is-cropped wp-block-gallery-1 is-layout-flex wp-block-gallery-is-layout-flex\">\n<figure class=\"wp-block-image size-large\"><img loading=\"lazy\" decoding=\"async\" width=\"747\" height=\"800\" data-id=\"1424\" src=\"https:\/\/1fcbrelingen.de\/jsg_wedemark\/wp-content\/uploads\/2022\/05\/JSG-Wedemark-A-Taktik-2.jpg\" alt=\"\" class=\"wp-image-1424\" srcset=\"https:\/\/1fcbrelingen.de\/jsg_wedemark\/wp-content\/uploads\/2022\/05\/JSG-Wedemark-A-Taktik-2.jpg 747w, https:\/\/1fcbrelingen.de\/jsg_wedemark\/wp-content\/uploads\/2022\/05\/JSG-Wedemark-A-Taktik-2-280x300.jpg 280w\" sizes=\"auto, (max-width: 747px) 100vw, 747px\" \/><\/figure>\n<figcaption class=\"blocks-gallery-caption wp-element-caption\"><strong>Taktik ist notwendig, aber Einsatzfreude ist wichtiger<\/strong><\/figcaption><\/figure>\n\n\n\n<div style=\"height:10px\" aria-hidden=\"true\" class=\"wp-block-spacer\"><\/div>\n\n\n\n<p class=\"has-text-align-center has-small-font-size\">(Trainer J\u00fcrgen Sau\u00df mit Innenverteidiger S\u00f6ren S.)<\/p>\n<\/div>\n\n\n\n<div class=\"wp-block-column is-layout-flow wp-block-column-is-layout-flow\">\n<p class=\"has-text-color has-extra-small-font-size\" style=\"color:#000000\">Mit einem klaren 1:7 Sieg bezwang die A-Jugend der JSG Wedemark am regnerischen Samstag den Gastgeber TSV Berenbostel. Die JSG dominierte das Spiel von Beginn an, nur mit dem Abschluss klappte es zun\u00e4chst nicht. Frederik J. war es dann, der die JSG mit seinem ersten Treffer in der 25. Minute auf die Siegerstra\u00dfe brachte. Als er 5 Minuten sp\u00e4ter frei auf das Tor laufend auf 0:2 erh\u00f6hen wollte, konnte er nur durch ein Foul im Strafraum gebremst werden. Dabei verletzte sich Frederik J. schwer, musste ausgewechselt werden und wird f\u00fcr l\u00e4ngere Zeit ausfallen. Der Verursacher war mit der gelben Karte gut bedient, da er bei seinem Einsteigen keine Chance auf den Ball hatte. Den f\u00e4lligen Strafsto\u00df verwandelte Leon W. souver\u00e4n.<br>Das Motto f\u00fcr die zweite Halbzeit war schnell gefunden, die F\u00fchrung f\u00fcr Frederik ins Ziel zu bringen. Mit vier weiteren Treffern von Leon W. und einem von Jasper W. bezwang die JSG Wedemark den TSV Berenbostel schlie\u00dflich mit 1:7 und sicherte sich so vorzeitig den Verbleib in der Bezirksliga.<br>Durch Ausscheiden mehrerer Jungen Jg. 2003 zu Beginn der Saison 21\/22 (Wechsel in Regionalliga, Verletzung, Auslandsaufenthalt) kamen Spieler j\u00fcngerer Jahrg\u00e4nge w\u00e4hrend der laufenden Saison in die Mannschaft. Das Mannschaftsgef\u00fcge blieb von Beginn absolut homogen, so dass auch der Tabellenerste VfL Eintracht in der R\u00fcckserie an den Rand einer Niederlage gebracht wurde,&nbsp; nachdem in der Hinserie noch eine deutliche Niederlage zu verzeichnen war. &nbsp;<\/p>\n<\/div>\n\n\n\n<div class=\"wp-block-column is-layout-flow wp-block-column-is-layout-flow\">\n<p>Spieler der Jahrg\u00e4nge 04 \/ 05, die n\u00e4chste Saison als A-Jugendlicher im Bezirk spielen und bei entsprechendem Einsatz in die Landesliga aufsteigen m\u00f6chten, k\u00f6nnen sich gerne jetzt schon bei den Trainern (jsg-wedemark.de) melden und vorbeischauen. Motivierte Spieler sind immer willkommen. Die Trainingstage f\u00fcr die kommende Saison werden gemeinsam besprochen, trainiert und gespielt wird auf drei Rasenpl\u00e4tzen mit 105 x 68m Normma\u00dfen 5 min Fu\u00dfweg von der S-Bahnstation Bissendorf. In der Regel steht den A Spielern an zwei Trainingstagen jeweils ein kompletter Platz zur Verf\u00fcgung.<\/p>\n\n\n\n<p>TSV Berenbostel &#8211; JSG Wedemark<\/p>\n\n\n\n<p>Endstand 1 : 7<\/p>\n<\/div>\n<\/div>\n\n\n\n<div style=\"height:40px\" aria-hidden=\"true\" class=\"wp-block-spacer\"><\/div>\n\n\n\n<hr class=\"wp-block-separator has-css-opacity\"\/>\n<\/div><\/div>\n","protected":false},"excerpt":{"rendered":"<p>Berichte A-Jugend geht den Wedemarkweg 16.06.2024 JSG Wedemark und JSG Mellendorf\/Elze kooperieren in der Saison 24\/25 Von einer echten Win-Win-Regelung k\u00f6nnen beide Spielgemeinschaften an dieser Stelle sprechen. Sowohl die 2. A-Jugend der JSG Melldendorf\/Elze als auch die JSG Wedemark haben es sich von der Anzahl der verf\u00fcgbaren Spieler nicht zugetraut, als alleinige Mannschaft in die [&hellip;]<\/p>\n","protected":false},"author":1,"featured_media":0,"parent":31,"menu_order":0,"comment_status":"closed","ping_status":"closed","template":"","meta":{"footnotes":""},"class_list":["post-36","page","type-page","status-publish","hentry"],"_links":{"self":[{"href":"https:\/\/1fcbrelingen.de\/jsg_wedemark\/wp-json\/wp\/v2\/pages\/36","targetHints":{"allow":["GET"]}}],"collection":[{"href":"https:\/\/1fcbrelingen.de\/jsg_wedemark\/wp-json\/wp\/v2\/pages"}],"about":[{"href":"https:\/\/1fcbrelingen.de\/jsg_wedemark\/wp-json\/wp\/v2\/types\/page"}],"author":[{"embeddable":true,"href":"https:\/\/1fcbrelingen.de\/jsg_wedemark\/wp-json\/wp\/v2\/users\/1"}],"replies":[{"embeddable":true,"href":"https:\/\/1fcbrelingen.de\/jsg_wedemark\/wp-json\/wp\/v2\/comments?post=36"}],"version-history":[{"count":124,"href":"https:\/\/1fcbrelingen.de\/jsg_wedemark\/wp-json\/wp\/v2\/pages\/36\/revisions"}],"predecessor-version":[{"id":2122,"href":"https:\/\/1fcbrelingen.de\/jsg_wedemark\/wp-json\/wp\/v2\/pages\/36\/revisions\/2122"}],"up":[{"embeddable":true,"href":"https:\/\/1fcbrelingen.de\/jsg_wedemark\/wp-json\/wp\/v2\/pages\/31"}],"wp:attachment":[{"href":"https:\/\/1fcbrelingen.de\/jsg_wedemark\/wp-json\/wp\/v2\/media?parent=36"}],"curies":[{"name":"wp","href":"https:\/\/api.w.org\/{rel}","templated":true}]}}