{"id":38,"date":"2021-11-04T20:15:02","date_gmt":"2021-11-04T19:15:02","guid":{"rendered":"https:\/\/1fcbrelingen.de\/jsg_wedemark\/?page_id=38"},"modified":"2026-03-08T09:39:51","modified_gmt":"2026-03-08T08:39:51","slug":"b-junioren-i","status":"publish","type":"page","link":"https:\/\/1fcbrelingen.de\/jsg_wedemark\/mannschaften\/b-junioren-i\/","title":{"rendered":"B-Jugend"},"content":{"rendered":"\n<div class=\"wp-block-media-text alignwide is-stacked-on-mobile is-vertically-aligned-center has-background\" style=\"background-color:#f5fbff;grid-template-columns:52% auto\"><figure class=\"wp-block-media-text__media\"><img loading=\"lazy\" decoding=\"async\" width=\"300\" height=\"181\" src=\"https:\/\/1fcbrelingen.de\/jsg_wedemark\/wp-content\/uploads\/2024\/07\/jsg_logo-300x181png.png\" alt=\"\" class=\"wp-image-2007 size-full\"\/><\/figure><div class=\"wp-block-media-text__content\">\n<div style=\"height:20px\" aria-hidden=\"true\" class=\"wp-block-spacer\"><\/div>\n\n\n\n<h3 class=\"wp-block-heading has-text-align-left has-pale-cyan-blue-color has-text-color\"><strong>B-JUNIOREN<\/strong><\/h3>\n\n\n\n<div style=\"height:15px\" aria-hidden=\"true\" class=\"wp-block-spacer\"><\/div>\n\n\n\n<h6 class=\"wp-block-heading\"><em>Jahrg\u00e4nge 2009 und 2010<\/em><\/h6>\n\n\n\n<h4 class=\"wp-block-heading\">Kreisliga<\/h4>\n\n\n\n<h6 class=\"wp-block-heading\">Kreis Region Hannover<\/h6>\n\n\n\n<div style=\"height:15px\" aria-hidden=\"true\" class=\"wp-block-spacer\"><\/div>\n\n\n\n<h5 class=\"wp-block-heading\">Trainer Denny Karwath<\/h5>\n\n\n\n<p>E-Mail: <a href=\"mailto:schaal@scwedemark.de\"><\/a><a href=\"mailto:karwath@scwedemark.de\">karwath@scwedemark.de<\/a><\/p>\n\n\n\n<div style=\"height:15px\" aria-hidden=\"true\" class=\"wp-block-spacer\"><\/div>\n\n\n\n<h5 class=\"wp-block-heading\">Co-Trainer Till Nellen<\/h5>\n\n\n\n<p>E-Mail: <a href=\"mailto:nellen@scwedemark.de\">nellen@scwedemark.de<\/a><\/p>\n\n\n\n<div style=\"height:15px\" aria-hidden=\"true\" class=\"wp-block-spacer\"><\/div>\n\n\n\n<h5 class=\"wp-block-heading\">Spielort<\/h5>\n\n\n\n<p>Brelingen<\/p>\n\n\n\n<div style=\"height:15px\" aria-hidden=\"true\" class=\"wp-block-spacer\"><\/div>\n\n\n\n<h5 class=\"wp-block-heading\">Trainingszeiten<\/h5>\n\n\n\n<p>Mittwochs 17:30 \u2013 19:00 Uhr in Brelingen und Freitags 18:00 \u2013 19:30 Uhr in Bissendorf<\/p>\n\n\n\n<div style=\"height:20px\" aria-hidden=\"true\" class=\"wp-block-spacer\"><\/div>\n\n\n\n<div class=\"wp-block-buttons is-layout-flex wp-block-buttons-is-layout-flex\">\n<div class=\"wp-block-button has-custom-width wp-block-button__width-50\"><a class=\"wp-block-button__link wp-element-button\" href=\"#Berichte\">Berichte<\/a><\/div>\n\n\n\n<div class=\"wp-block-button has-custom-width wp-block-button__width-50 is-style-fill\" id=\"B2\"><a class=\"wp-block-button__link wp-element-button\" href=\"https:\/\/www.fussball.de\/mannschaft\/jsg-wedemark-b-r-9er-sc-wedemark-niedersachsen\/-\/saison\/2223\/team-id\/011MIBMCD8000000VTVG0001VTR8C1K7#!\/\" target=\"_blank\" rel=\"noreferrer noopener\">Ergebnisse<\/a><\/div>\n<\/div>\n<\/div><\/div>\n\n\n\n<p><\/p>\n\n\n\n<div class=\"wp-block-group alignfull has-white-background-color has-background\"><div class=\"wp-block-group__inner-container is-layout-flow wp-block-group-is-layout-flow\">\n<div style=\"height:70px\" aria-hidden=\"true\" class=\"wp-block-spacer\"><\/div>\n\n\n\n<h2 class=\"wp-block-heading\" id=\"Berichte\">Berichte<\/h2>\n\n\n\n<hr class=\"wp-block-separator has-css-opacity\"\/>\n\n\n\n<div style=\"height:40px\" aria-hidden=\"true\" class=\"wp-block-spacer\"><\/div>\n\n\n\n<div class=\"wp-block-columns alignwide are-vertically-aligned-center is-layout-flex wp-container-core-columns-is-layout-9d6595d7 wp-block-columns-is-layout-flex\">\n<div class=\"wp-block-column is-layout-flow wp-block-column-is-layout-flow\" style=\"flex-basis:50%\">\n<p class=\"has-text-color has-medium-font-size\" style=\"color:#000000;line-height:1.1\"><strong>Kreisliga zur Hauptrunde<\/strong><\/p>\n<\/div>\n\n\n\n<div class=\"wp-block-column is-layout-flow wp-block-column-is-layout-flow\" style=\"flex-basis:50%\">\n<hr class=\"wp-block-separator has-text-color has-pale-cyan-blue-color has-css-opacity has-pale-cyan-blue-background-color has-background is-style-wide\"\/>\n<\/div>\n<\/div>\n\n\n\n<div class=\"wp-block-columns alignwide is-layout-flex wp-container-core-columns-is-layout-9d6595d7 wp-block-columns-is-layout-flex\">\n<div class=\"wp-block-column is-layout-flow wp-block-column-is-layout-flow\">\n<h6 class=\"wp-block-heading\">08.03.2026<\/h6>\n\n\n\n<p class=\"has-text-align-left\"><strong>Aufstieg eine Chance<\/strong><\/p>\n<\/div>\n\n\n\n<div class=\"wp-block-column is-layout-flow wp-block-column-is-layout-flow\">\n<p>In der Hauptrunde ab April kommt es f\u00fcr unsere im vergangenen Sommer neu formierte B-Jugend bereits zu Partien in der Kreisliga. Eine \u00dcberraschung, denn der mit vielen Spielern des j\u00fcngeren Jahrgangs besetzte Kader hatte sich vorgenommen, zun\u00e4chst erste B-Jugendluft zu schnuppern um sich mit dem Fu\u00dfball der Altersklasse anzufreunden. Das ist so gut gelungen, dass sich die Mannschaft nach der Hinrunde auf dem 3. Platz der Staffel wiedergefunden hat.<\/p>\n\n\n\n<p>F\u00fcr den Verband scheinbar Anlass genug, die Mannschaft in den Kreisligabetrieb hochzustufen.<\/p>\n\n\n\n<p>F\u00fcr Co-Trainer Till Nellen keine ganz neue Situation. Bereits vor 4 Jahren in der Saison 21\/22 gelang ihm dieses Kunstst\u00fcck mit seiner damaligen B-Jugend.<\/p>\n<\/div>\n\n\n\n<div class=\"wp-block-column is-layout-flow wp-block-column-is-layout-flow\">\n<p>Immerhin konnte man sich damals nach der R\u00fcckrunde im Mittelfeld der Liga einordnen.<\/p>\n\n\n\n<p>Ob das in dieser R\u00fcckrunde auch gelingen wird bleibt abzuwarten, denn mit der JSG Deister sowie der 2.-Vertretung der JSG Mellendorf\/Elze stehen u.a. nun anspruchsvolle Gegner an, die bereits in der Hinrunde einige Punkte in der Kreisliga verbuchen konnten.<\/p>\n\n\n\n<p>Auf jeden Fall eine Chance f\u00fcr die von Trainer Denny Karwath wieder einmal hervorragend eingestellte junge Truppe, bereits ein Jahr vor &#8222;Soll&#8220; in den Leistungsvergleich des Kreises der Region Hannover einzusteigen und wiederum interessante Erfahrungen zu sammeln.<\/p>\n<\/div>\n<\/div>\n\n\n\n<hr class=\"wp-block-separator has-css-opacity\"\/>\n\n\n\n<div style=\"height:40px\" aria-hidden=\"true\" class=\"wp-block-spacer\"><\/div>\n\n\n\n<div class=\"wp-block-columns alignwide are-vertically-aligned-center is-layout-flex wp-container-core-columns-is-layout-9d6595d7 wp-block-columns-is-layout-flex\">\n<div class=\"wp-block-column is-layout-flow wp-block-column-is-layout-flow\" style=\"flex-basis:50%\">\n<p class=\"has-text-color has-medium-font-size\" style=\"color:#000000;line-height:1.1\"><strong>Fiinaalee!<\/strong><\/p>\n<\/div>\n\n\n\n<div class=\"wp-block-column is-layout-flow wp-block-column-is-layout-flow\" style=\"flex-basis:50%\">\n<hr class=\"wp-block-separator has-text-color has-pale-cyan-blue-color has-css-opacity has-pale-cyan-blue-background-color has-background is-style-wide\"\/>\n<\/div>\n<\/div>\n\n\n\n<div class=\"wp-block-columns alignwide is-layout-flex wp-container-core-columns-is-layout-9d6595d7 wp-block-columns-is-layout-flex\">\n<div class=\"wp-block-column is-layout-flow wp-block-column-is-layout-flow\">\n<h6 class=\"wp-block-heading\">03.06.2025<\/h6>\n\n\n\n<p class=\"has-text-align-left\"><strong>B-Jugend bezwingt SG 1874 Hannover im Halbfinale des Kreispokals<\/strong><\/p>\n<\/div>\n\n\n\n<div class=\"wp-block-column is-layout-flow wp-block-column-is-layout-flow\">\n<p>Bereits 3 Tage zuvor begegnete man sich im Ligabetrieb in der Wedemark und konnte sich schon einmal ausloten, bevor es am Dienstag, den 03.06.2025 zum Schlagabtausch im Pokalhalbfinale nach Hannover zur SG 1874 ging.<\/p>\n\n\n\n<p>Auch in der Meisterschaft konnte sich die JSG Wedemark bereits deutlich mit 5:1 gegen den Ligakonkurrenten durchsetzen.<\/p>\n\n\n\n<p>Mit guten Vorzeichen und lediglich auf 2 Positionen in der Startformation ver\u00e4ndert ging es also in guter Hoffnung nach Hannover. Trainer Hannes Schaal setzte voll und ganz auf seine routinierten Kr\u00e4fte Paul und Kapit\u00e4n Fynn in der Abwehr. SG 74 stellte nur auf der Torwartposition um.<\/p>\n<\/div>\n\n\n\n<div class=\"wp-block-column is-layout-flow wp-block-column-is-layout-flow\">\n<p>Und die Umstellungen sollten sich  bezahlt machen. Denn hinten sollte in diesem Spiel die Null gehalten werden und nach vorne ging sogleich wieder die Post ab.<\/p>\n\n\n\n<p>W\u00e4hrend im Ligaspiel die Torsch\u00fctzenliste noch etwas bunter aussah, markierte im Pokalhalbfinale mit einem lupenreinen Hattrick St\u00fcrmer Arian alle Treffer der JSG zum 3:0 Halbzeitstand, ehe er kurz nach der Halbzeitpause mit seinem Tor zum 4:0 Endstand noch einen oben drauf setzte und alles klar f\u00fcr den Finaleinzug machte.<\/p>\n\n\n\n<p>Im Finale trifft die JSG nun am Samstag, den 21.06.2025 auf dem Sportgel\u00e4nde des TSV Goltern auf den TSV Isernhagen.<\/p>\n<\/div>\n<\/div>\n\n\n\n<hr class=\"wp-block-separator has-css-opacity\"\/>\n\n\n\n<div style=\"height:40px\" aria-hidden=\"true\" class=\"wp-block-spacer\"><\/div>\n\n\n\n<div class=\"wp-block-columns alignwide are-vertically-aligned-center is-layout-flex wp-container-core-columns-is-layout-9d6595d7 wp-block-columns-is-layout-flex\">\n<div class=\"wp-block-column is-layout-flow wp-block-column-is-layout-flow\" style=\"flex-basis:50%\">\n<p class=\"has-text-color has-medium-font-size\" style=\"color:#000000;line-height:1.1\"><strong>zur\u00fcck im Spielbetrieb<\/strong><\/p>\n<\/div>\n\n\n\n<div class=\"wp-block-column is-layout-flow wp-block-column-is-layout-flow\" style=\"flex-basis:50%\">\n<hr class=\"wp-block-separator has-text-color has-pale-cyan-blue-color has-css-opacity has-pale-cyan-blue-background-color has-background is-style-wide\"\/>\n<\/div>\n<\/div>\n\n\n\n<div class=\"wp-block-columns alignwide is-layout-flex wp-container-core-columns-is-layout-9d6595d7 wp-block-columns-is-layout-flex\">\n<div class=\"wp-block-column is-layout-flow wp-block-column-is-layout-flow\">\n<h6 class=\"wp-block-heading\">03.03.2023<\/h6>\n\n\n\n<p class=\"has-text-align-left\">Meldung f\u00fcr die R\u00fcckrunde<\/p>\n<\/div>\n\n\n\n<div class=\"wp-block-column is-layout-flow wp-block-column-is-layout-flow\">\n<p>Nach nur einem halben Jahr der Abstinenz im Spielbetrieb im Kreis Region Hannover ist unsere B-Jugend nun wieder startklar. Trainiert wird unter Milto bereits wieder regelm\u00e4\u00dfig in Brelingen.<\/p>\n<\/div>\n\n\n\n<div class=\"wp-block-column is-layout-flow wp-block-column-is-layout-flow\">\n<p>Die Punktspiele in der 1. Kreisklasse finden dann voraussichtlich auf unserem Gel\u00e4nde in Bissendorf statt.<\/p>\n<\/div>\n<\/div>\n\n\n\n<hr class=\"wp-block-separator has-css-opacity\"\/>\n\n\n\n<div style=\"height:40px\" aria-hidden=\"true\" class=\"wp-block-spacer\"><\/div>\n\n\n\n<div class=\"wp-block-columns alignwide are-vertically-aligned-center is-layout-flex wp-container-core-columns-is-layout-9d6595d7 wp-block-columns-is-layout-flex\">\n<div class=\"wp-block-column is-layout-flow wp-block-column-is-layout-flow\" style=\"flex-basis:50%\">\n<p class=\"has-text-color has-medium-font-size\" style=\"color:#000000;line-height:1.1\"><strong>tief betroffen<\/strong> &#8211;<\/p>\n<\/div>\n\n\n\n<div class=\"wp-block-column is-layout-flow wp-block-column-is-layout-flow\" style=\"flex-basis:50%\">\n<hr class=\"wp-block-separator has-text-color has-pale-cyan-blue-color has-css-opacity has-pale-cyan-blue-background-color has-background is-style-wide\"\/>\n<\/div>\n<\/div>\n\n\n\n<div class=\"wp-block-columns alignwide is-layout-flex wp-container-core-columns-is-layout-9d6595d7 wp-block-columns-is-layout-flex\">\n<div class=\"wp-block-column is-layout-flow wp-block-column-is-layout-flow\">\n<h6 class=\"wp-block-heading\">24.01.2023<\/h6>\n\n\n\n<p class=\"has-text-align-left\">&#8211; <strong>gedenken wir<\/strong><\/p>\n<\/div>\n\n\n\n<div class=\"wp-block-column is-layout-flow wp-block-column-is-layout-flow\">\n<figure class=\"wp-block-image size-full\"><img loading=\"lazy\" decoding=\"async\" width=\"697\" height=\"857\" src=\"https:\/\/1fcbrelingen.de\/jsg_wedemark\/wp-content\/uploads\/2023\/01\/Bild_2023-01-24_211624794.png\" alt=\"\" class=\"wp-image-1752\" srcset=\"https:\/\/1fcbrelingen.de\/jsg_wedemark\/wp-content\/uploads\/2023\/01\/Bild_2023-01-24_211624794.png 697w, https:\/\/1fcbrelingen.de\/jsg_wedemark\/wp-content\/uploads\/2023\/01\/Bild_2023-01-24_211624794-244x300.png 244w\" sizes=\"auto, (max-width: 697px) 100vw, 697px\" \/><\/figure>\n<\/div>\n\n\n\n<div class=\"wp-block-column is-layout-flow wp-block-column-is-layout-flow\">\n<div style=\"height:176px\" aria-hidden=\"true\" class=\"wp-block-spacer\"><\/div>\n\n\n\n<p class=\"has-text-align-right\">Wir haben mit J\u00fcrgen nicht nur einen unserer best\u00e4ndigsten und engagiertesten Lizenztrainer verloren, sondern vor allem einen Freund und Menschen, der stets mit Herz und Leidenschaft f\u00fcr uns &#8222;am Ball&#8220; war. Unser Mitgef\u00fchl gilt in diesen schweren Tagen besonders seinen Angeh\u00f6rigen.<\/p>\n<\/div>\n<\/div>\n\n\n\n<hr class=\"wp-block-separator has-css-opacity\"\/>\n\n\n\n<div style=\"height:40px\" aria-hidden=\"true\" class=\"wp-block-spacer\"><\/div>\n\n\n\n<div class=\"wp-block-columns alignwide are-vertically-aligned-center is-layout-flex wp-container-core-columns-is-layout-9d6595d7 wp-block-columns-is-layout-flex\">\n<div class=\"wp-block-column is-layout-flow wp-block-column-is-layout-flow\" style=\"flex-basis:50%\">\n<p class=\"has-text-color has-medium-font-size\" style=\"color:#000000;line-height:1.1\"><strong>B-Jugend trainiert<\/strong><\/p>\n<\/div>\n\n\n\n<div class=\"wp-block-column is-layout-flow wp-block-column-is-layout-flow\" style=\"flex-basis:50%\">\n<hr class=\"wp-block-separator has-text-color has-pale-cyan-blue-color has-css-opacity has-pale-cyan-blue-background-color has-background is-style-wide\"\/>\n<\/div>\n<\/div>\n\n\n\n<div class=\"wp-block-columns alignwide is-layout-flex wp-container-core-columns-is-layout-9d6595d7 wp-block-columns-is-layout-flex\">\n<div class=\"wp-block-column is-layout-flow wp-block-column-is-layout-flow\">\n<h6 class=\"wp-block-heading\">23.08.2022<\/h6>\n\n\n\n<p class=\"has-text-align-left\"><strong>Unerm\u00fcdliches Engagement von Trainer Sau\u00df<\/strong><\/p>\n<\/div>\n\n\n\n<div class=\"wp-block-column is-layout-flow wp-block-column-is-layout-flow\">\n<p>Dank dem unerm\u00fcdlichen Engagement von J\u00fcrgen Sau\u00df kann wieder ein Training angeboten werden.<\/p>\n<\/div>\n\n\n\n<div class=\"wp-block-column is-layout-flow wp-block-column-is-layout-flow\">\n<p>Auch ein Freundschaftsspiel im 9er Modus hat bereits stattgefunden. Weitere Spiele werden in Erw\u00e4gung gezogen. <\/p>\n<\/div>\n<\/div>\n\n\n\n<hr class=\"wp-block-separator has-css-opacity\"\/>\n\n\n\n<div style=\"height:40px\" aria-hidden=\"true\" class=\"wp-block-spacer\"><\/div>\n\n\n\n<div class=\"wp-block-columns alignwide are-vertically-aligned-center is-layout-flex wp-container-core-columns-is-layout-9d6595d7 wp-block-columns-is-layout-flex\">\n<div class=\"wp-block-column is-layout-flow wp-block-column-is-layout-flow\" style=\"flex-basis:50%\">\n<p class=\"has-text-color has-medium-font-size\" style=\"color:#000000;line-height:1.1\"><strong>B-Jugend sublimiert<\/strong><\/p>\n<\/div>\n\n\n\n<div class=\"wp-block-column is-layout-flow wp-block-column-is-layout-flow\" style=\"flex-basis:50%\">\n<hr class=\"wp-block-separator has-text-color has-pale-cyan-blue-color has-css-opacity has-pale-cyan-blue-background-color has-background is-style-wide\"\/>\n<\/div>\n<\/div>\n\n\n\n<div class=\"wp-block-columns alignwide is-layout-flex wp-container-core-columns-is-layout-9d6595d7 wp-block-columns-is-layout-flex\">\n<div class=\"wp-block-column is-layout-flow wp-block-column-is-layout-flow\">\n<h6 class=\"wp-block-heading\">23.08.2022<\/h6>\n\n\n\n<p class=\"has-text-align-left\"><strong>Kader zu klein f\u00fcr Ligameldung<\/strong><\/p>\n<\/div>\n\n\n\n<div class=\"wp-block-column is-layout-flow wp-block-column-is-layout-flow\">\n<p>Aus den 25 Spielern, die in der Vorsaison in drei verschiedenen Teams die Fu\u00dfballschuhe f\u00fcr die JSG geschn\u00fcrt haben, konnte keine neue B-Jugend-Mannschaft entstehen.<\/p>\n\n\n\n<p>Zuletzt hat es nicht einmal mehr f\u00fcr eine in Erw\u00e4gung gezogene 9er-Mannschaft gereicht, denn lediglich 9 Spieler haben sich verbindlich gemeldet.<\/p>\n\n\n\n<p>Eine bedenkliche Entwicklung beobachteten die Trainer und das Gremium der JSG, der es in Zukunft gegenzusteuern gilt. <\/p>\n<\/div>\n\n\n\n<div class=\"wp-block-column is-layout-flow wp-block-column-is-layout-flow\">\n<p>Spieler haben sich teilweise nicht einmal mehr auf R\u00fcckfragen gemeldet und sind dem Verein einfach fern geblieben.<\/p>\n\n\n\n<p>Uns tut es sehr leid f\u00fcr die verbliebenen Spieler, denen wir nun nur ein Trainingsangebot ohne Ligaspielbetrieb, bzw. zumindest zeitweise den Gang zu einem anderen Verein anbieten k\u00f6nnen.<\/p>\n<\/div>\n<\/div>\n\n\n\n<hr class=\"wp-block-separator has-css-opacity\"\/>\n\n\n\n<div style=\"height:40px\" aria-hidden=\"true\" class=\"wp-block-spacer\"><\/div>\n\n\n\n<div class=\"wp-block-columns alignwide are-vertically-aligned-center is-layout-flex wp-container-core-columns-is-layout-9d6595d7 wp-block-columns-is-layout-flex\">\n<div class=\"wp-block-column is-layout-flow wp-block-column-is-layout-flow\" style=\"flex-basis:50%\">\n<p class=\"has-text-color has-medium-font-size\" style=\"color:#000000;line-height:1.1\"><strong>Saisonstart 22\/23 noch vor den Sommerferien<\/strong><\/p>\n<\/div>\n\n\n\n<div class=\"wp-block-column is-layout-flow wp-block-column-is-layout-flow\" style=\"flex-basis:50%\">\n<hr class=\"wp-block-separator has-text-color has-pale-cyan-blue-color has-css-opacity has-pale-cyan-blue-background-color has-background is-style-wide\"\/>\n<\/div>\n<\/div>\n\n\n\n<div class=\"wp-block-columns alignwide is-layout-flex wp-container-core-columns-is-layout-9d6595d7 wp-block-columns-is-layout-flex\">\n<div class=\"wp-block-column is-layout-flow wp-block-column-is-layout-flow\">\n<h6 class=\"wp-block-heading\">19.06.2022<\/h6>\n\n\n\n<p class=\"has-text-align-left\"><strong>J\u00fcrgen Sau\u00df und Milto Anastassiadis \u00fcbernehmen die Leitung der neuen B-Jugend.<\/strong><\/p>\n<\/div>\n\n\n\n<div class=\"wp-block-column is-layout-flow wp-block-column-is-layout-flow\">\n<p>Um seine Spieler m\u00f6glichst schnell kennenzulernen, hat der neue Trainerstab unter J\u00fcrgen Sau\u00df und Milto Anastassiadis kurzerhand beschlossen, mit 3 Trainingseinheiten noch vor den Sommerferien zu beginnen. Start ist am<\/p>\n\n\n\n<p><strong>Mittwoch, 29.06.2022 von 19:00 \u2013 21:00 Uhr<\/strong>&nbsp;auf dem Trainingsgel\u00e4nde des&nbsp;<a href=\"https:\/\/1fcbrelingen.de\/jsg_wedemark\/spielstaetten\/#AdresseBrelingen\">1. FC Brelingen<\/a>.<\/p>\n\n\n\n<p>Anschlie\u00dfend soll es mit 2 Einheiten auf dem gr\u00fcnen Rasen vom&nbsp;<a href=\"https:\/\/1fcbrelingen.de\/jsg_wedemark\/spielstaetten\/#adressen\">SC Wedemark<\/a>&nbsp;weitergehen am<\/p>\n\n\n\n<p>Montag, 04.07. und Mittwoch, 06.07.2022, jeweils 19:00 \u2013 21:00 Uhr, bevor der regul\u00e4re Trainingsstart dann Ende August mit jeweils 2 Wochenterminen erfolgen soll. Trainiert wird an unterschiedlichen Orten in Bissendorf und Brelingen im Wechsel. Die Zeiten werden zu Saisonstart noch genau abgestimmt und festgelegt.<\/p>\n\n\n\n<p>Der bisherige Trainer Till Nellen g\u00f6nnt sich nun nach langj\u00e4hriger Arbeit f\u00fcr die JSG eine wohlverdiente Auszeit. <\/p>\n<\/div>\n\n\n\n<div class=\"wp-block-column is-layout-flow wp-block-column-is-layout-flow\">\n<p>Nachdem er die bisherige Mannschaft zur R\u00fcckrunde in die B-Runde der Kreisliga gef\u00fchrt hat, konnte diese dort durchaus mithalten und auf dem 5. Tabellenplatz mit Anschluss nach oben eine erfolgreiche Saison finalisieren.<\/p>\n\n\n\n<p>Auf zahlreiche Beteiligung freut sich nun J\u00fcrgen Sau\u00df, der bei der JSG Wedemark kein Unbekannter ist. Der ehemaligen Bezirksligatrainer der A-Jugend mit C-Lizenz-Ausbildung trifft auf eine ebenfalls erfolgreiche Kerntruppe, bestehend aus den bisher von Nico Beyer, Sebastian Rebelowski und Daniel Ringeling trainierten C-I 9er-Mannschaft der vergangenen Saison. Diese konnten zuletzt noch als Staffelsieger aus der 1. Kreisklasse hervorgehen. Erg\u00e4nzt wird die Mannschaft von den verbleibenden Kreisligakickern des Jahrgangs 2006 und Spielern der ehemaligen C-III. Nun wird es wohl gelten sich m\u00f6glichst schnell auf die 11er-Formation umzustellen.<\/p>\n<\/div>\n<\/div>\n\n\n\n<hr class=\"wp-block-separator has-css-opacity\"\/>\n\n\n\n<div style=\"height:40px\" aria-hidden=\"true\" class=\"wp-block-spacer\"><\/div>\n\n\n\n<div class=\"wp-block-columns alignwide are-vertically-aligned-center is-layout-flex wp-container-core-columns-is-layout-9d6595d7 wp-block-columns-is-layout-flex\">\n<div class=\"wp-block-column is-layout-flow wp-block-column-is-layout-flow\" style=\"flex-basis:50%\">\n<p class=\"has-text-color has-medium-font-size\" style=\"color:#000000;line-height:1.1\"><strong>Aufstieg zur Hauptrunde<\/strong><\/p>\n<\/div>\n\n\n\n<div class=\"wp-block-column is-layout-flow wp-block-column-is-layout-flow\" style=\"flex-basis:50%\">\n<hr class=\"wp-block-separator has-text-color has-pale-cyan-blue-color has-css-opacity has-pale-cyan-blue-background-color has-background is-style-wide\"\/>\n<\/div>\n<\/div>\n\n\n\n<div class=\"wp-block-columns alignwide is-layout-flex wp-container-core-columns-is-layout-9d6595d7 wp-block-columns-is-layout-flex\">\n<div class=\"wp-block-column is-layout-flow wp-block-column-is-layout-flow\">\n<h6 class=\"wp-block-heading\">17.04.2022<\/h6>\n\n\n\n<p class=\"has-text-align-left\"><strong>nach erfolgreicher Hinrunde geht die B-Jugend hoch in die Kreisliga B<\/strong><\/p>\n<\/div>\n\n\n\n<div class=\"wp-block-column is-layout-flow wp-block-column-is-layout-flow\">\n<p class=\"has-text-color has-extra-small-font-size\" style=\"color:#000000\">Ungeschlagen in den 7 Partien der Hinrunde wurden die B-Jugendlichen um Trainer Till Nellen mit dem Aufstieg zur Hauptrunde in die Kreisliga B belohnt. <\/p>\n\n\n\n<p>Lediglich 2 Punkte wurden dabei beim Gegner liegengelassen. Ansonsten konnten 43 Tore bejubelt werden bei lediglich 5 Gegentreffern.<\/p>\n\n\n\n<p>In 4 Spielen stand sogar am Ende die &#8222;0&#8220; beim Torh\u00fcter und seinen verdienten Vorderleuten.<\/p>\n<\/div>\n\n\n\n<div class=\"wp-block-column is-layout-flow wp-block-column-is-layout-flow\">\n<p class=\"has-text-color has-extra-small-font-size\" style=\"color:#000000\">Nun stehen f\u00fcr die R\u00fcckrunde nicht nur Gegner aus dem nachbarschaftlichen Norden, sondern der gesamten Region Hannover an. <\/p>\n\n\n\n<p>Die vielversprechenden Spielpaarungen k\u00f6nnt ihr wie immer \u00fcber den Ergebnisbutton  oben abrufen.<\/p>\n\n\n\n<p>Hinrundenstatistik:<\/p>\n\n\n\n<p>Tabellenplatz 1 \/ 19 Punkte \/ 6 Siege \/ 1 Unentschieden \/ 0 Niederlagen \/ 43:5 Tore<\/p>\n<\/div>\n<\/div>\n<\/div><\/div>\n\n\n\n<p><\/p>\n","protected":false},"excerpt":{"rendered":"<p>Berichte Kreisliga zur Hauptrunde 08.03.2026 Aufstieg eine Chance In der Hauptrunde ab April kommt es f\u00fcr unsere im vergangenen Sommer neu formierte B-Jugend bereits zu Partien in der Kreisliga. Eine \u00dcberraschung, denn der mit vielen Spielern des j\u00fcngeren Jahrgangs besetzte Kader hatte sich vorgenommen, zun\u00e4chst erste B-Jugendluft zu schnuppern um sich mit dem Fu\u00dfball der [&hellip;]<\/p>\n","protected":false},"author":1,"featured_media":0,"parent":31,"menu_order":0,"comment_status":"closed","ping_status":"closed","template":"","meta":{"footnotes":""},"class_list":["post-38","page","type-page","status-publish","hentry"],"_links":{"self":[{"href":"https:\/\/1fcbrelingen.de\/jsg_wedemark\/wp-json\/wp\/v2\/pages\/38","targetHints":{"allow":["GET"]}}],"collection":[{"href":"https:\/\/1fcbrelingen.de\/jsg_wedemark\/wp-json\/wp\/v2\/pages"}],"about":[{"href":"https:\/\/1fcbrelingen.de\/jsg_wedemark\/wp-json\/wp\/v2\/types\/page"}],"author":[{"embeddable":true,"href":"https:\/\/1fcbrelingen.de\/jsg_wedemark\/wp-json\/wp\/v2\/users\/1"}],"replies":[{"embeddable":true,"href":"https:\/\/1fcbrelingen.de\/jsg_wedemark\/wp-json\/wp\/v2\/comments?post=38"}],"version-history":[{"count":112,"href":"https:\/\/1fcbrelingen.de\/jsg_wedemark\/wp-json\/wp\/v2\/pages\/38\/revisions"}],"predecessor-version":[{"id":2136,"href":"https:\/\/1fcbrelingen.de\/jsg_wedemark\/wp-json\/wp\/v2\/pages\/38\/revisions\/2136"}],"up":[{"embeddable":true,"href":"https:\/\/1fcbrelingen.de\/jsg_wedemark\/wp-json\/wp\/v2\/pages\/31"}],"wp:attachment":[{"href":"https:\/\/1fcbrelingen.de\/jsg_wedemark\/wp-json\/wp\/v2\/media?parent=38"}],"curies":[{"name":"wp","href":"https:\/\/api.w.org\/{rel}","templated":true}]}}