{"id":488,"date":"2021-12-09T20:44:46","date_gmt":"2021-12-09T19:44:46","guid":{"rendered":"https:\/\/1fcbrelingen.de\/jsg_wedemark\/?page_id=488"},"modified":"2022-01-16T21:20:53","modified_gmt":"2022-01-16T20:20:53","slug":"e-junioren-i","status":"publish","type":"page","link":"https:\/\/1fcbrelingen.de\/jsg_wedemark\/mannschaften\/e-junioren-i\/","title":{"rendered":"E-Jugend"},"content":{"rendered":"\n<h2 class=\"has-pale-cyan-blue-color has-text-color wp-block-heading\">UNSERE DURCHSTARTER<\/h2>\n\n\n\n<div style=\"height:20px\" aria-hidden=\"true\" class=\"wp-block-spacer\"><\/div>\n\n\n\n<p>Unsere E-Jugenden sind ganz bewusst noch nicht in der JSG vereinigt. Wir m\u00f6chten allen Kindern eine m\u00f6glichst gro\u00dfe Bindung zu Ihren Ortschaften und Freundeskreisen aus Schule und Freizeit erm\u00f6glichen. Wir erhoffen uns dadurch auch einen Beitrag zur Entwicklung und Eigenst\u00e4ndigkeit der Grundsch\u00fcler\/-innen zu leisten.<\/p>\n\n\n\n<p>Au\u00dferdem steht der Leistungsgedanke (im Sinne von Spiele gewinnen) in dieser Altersklasse nicht im Vordergrund, sondern die individuelle fu\u00dfballerische und allgemein koordinative Entwicklung der Kinder.<\/p>\n\n\n\n<p>Unsere Trainer\/-innen vermitteln in den Vereinen den Kindern unserer E-Jugenden alle Grundlagen, die sie f\u00fcr das sp\u00e4tere Fu\u00dfballspielen in der Jugendspielgemeinschaft ben\u00f6tigen. Am Ende der Zeit in der E-Jugend, also im Alter von 10 oder 11 Jahren beginnt der Prozess der Zusammenf\u00fchrung der &#8222;Ortsmannschaften&#8220; unter Anleitung unserer erfahrenen Trainer\/-innen und der Jugendverantwortlichen der Vereine. Hierzu werden i.d.R. mehrere Kennlerntrainings an den verschiedenen Standorten der JSG durchgef\u00fchrt.<\/p>\n\n\n\n<p>Du m\u00f6chtest mit dem Fu\u00dfballspielen beginnen oder sp\u00e4ter in der JSG Wedemark spielen oder du bist gerade in die Wedemark gezogen und suchst einen neuen Verein? Dann wende dich am Besten an deinen ortsnahen Stammverein. Die Kontaktinformationen dazu findest du <a href=\"https:\/\/1fcbrelingen.de\/jsg_wedemark\/kontakt\/vereine\/\">hier.<\/a><\/p>\n","protected":false},"excerpt":{"rendered":"<p>UNSERE DURCHSTARTER Unsere E-Jugenden sind ganz bewusst noch nicht in der JSG vereinigt. Wir m\u00f6chten allen Kindern eine m\u00f6glichst gro\u00dfe Bindung zu Ihren Ortschaften und Freundeskreisen aus Schule und Freizeit erm\u00f6glichen. Wir erhoffen uns dadurch auch einen Beitrag zur Entwicklung und Eigenst\u00e4ndigkeit der Grundsch\u00fcler\/-innen zu leisten. Au\u00dferdem steht der Leistungsgedanke (im Sinne von Spiele gewinnen) [&hellip;]<\/p>\n","protected":false},"author":2,"featured_media":0,"parent":31,"menu_order":0,"comment_status":"closed","ping_status":"closed","template":"","meta":{"footnotes":""},"class_list":["post-488","page","type-page","status-publish","hentry"],"_links":{"self":[{"href":"https:\/\/1fcbrelingen.de\/jsg_wedemark\/wp-json\/wp\/v2\/pages\/488","targetHints":{"allow":["GET"]}}],"collection":[{"href":"https:\/\/1fcbrelingen.de\/jsg_wedemark\/wp-json\/wp\/v2\/pages"}],"about":[{"href":"https:\/\/1fcbrelingen.de\/jsg_wedemark\/wp-json\/wp\/v2\/types\/page"}],"author":[{"embeddable":true,"href":"https:\/\/1fcbrelingen.de\/jsg_wedemark\/wp-json\/wp\/v2\/users\/2"}],"replies":[{"embeddable":true,"href":"https:\/\/1fcbrelingen.de\/jsg_wedemark\/wp-json\/wp\/v2\/comments?post=488"}],"version-history":[{"count":12,"href":"https:\/\/1fcbrelingen.de\/jsg_wedemark\/wp-json\/wp\/v2\/pages\/488\/revisions"}],"predecessor-version":[{"id":1216,"href":"https:\/\/1fcbrelingen.de\/jsg_wedemark\/wp-json\/wp\/v2\/pages\/488\/revisions\/1216"}],"up":[{"embeddable":true,"href":"https:\/\/1fcbrelingen.de\/jsg_wedemark\/wp-json\/wp\/v2\/pages\/31"}],"wp:attachment":[{"href":"https:\/\/1fcbrelingen.de\/jsg_wedemark\/wp-json\/wp\/v2\/media?parent=488"}],"curies":[{"name":"wp","href":"https:\/\/api.w.org\/{rel}","templated":true}]}}