{"id":57,"date":"2021-12-02T17:44:44","date_gmt":"2021-12-02T16:44:44","guid":{"rendered":"https:\/\/1fcbrelingen.de\/jsg_wedemark\/?page_id=57"},"modified":"2026-03-09T07:52:52","modified_gmt":"2026-03-09T06:52:52","slug":"c-junioren-i","status":"publish","type":"page","link":"https:\/\/1fcbrelingen.de\/jsg_wedemark\/mannschaften\/c-junioren-i\/","title":{"rendered":"C-Jugend"},"content":{"rendered":"\n<div class=\"wp-block-media-text alignwide is-stacked-on-mobile has-background\" style=\"background-color:#f5fbff;grid-template-columns:52% auto\" id=\"C1\"><figure class=\"wp-block-media-text__media\"><img loading=\"lazy\" decoding=\"async\" width=\"1024\" height=\"626\" src=\"https:\/\/1fcbrelingen.de\/jsg_wedemark\/wp-content\/uploads\/2025\/08\/IMG-20250815-WA0002-1024x626.jpg\" alt=\"\" class=\"wp-image-2126 size-full\" srcset=\"https:\/\/1fcbrelingen.de\/jsg_wedemark\/wp-content\/uploads\/2025\/08\/IMG-20250815-WA0002-1024x626.jpg 1024w, https:\/\/1fcbrelingen.de\/jsg_wedemark\/wp-content\/uploads\/2025\/08\/IMG-20250815-WA0002-300x183.jpg 300w, https:\/\/1fcbrelingen.de\/jsg_wedemark\/wp-content\/uploads\/2025\/08\/IMG-20250815-WA0002-768x469.jpg 768w, https:\/\/1fcbrelingen.de\/jsg_wedemark\/wp-content\/uploads\/2025\/08\/IMG-20250815-WA0002-1536x938.jpg 1536w, https:\/\/1fcbrelingen.de\/jsg_wedemark\/wp-content\/uploads\/2025\/08\/IMG-20250815-WA0002.jpg 2048w\" sizes=\"auto, (max-width: 1024px) 100vw, 1024px\" \/><\/figure><div class=\"wp-block-media-text__content\">\n<div style=\"height:20px\" aria-hidden=\"true\" class=\"wp-block-spacer\"><\/div>\n\n\n\n<h3 class=\"wp-block-heading has-text-align-left has-pale-cyan-blue-color has-text-color\"><strong>C-JUNIOREN<\/strong><\/h3>\n\n\n\n<h6 class=\"wp-block-heading\"><em>Jahrg\u00e4nge 2011 und 2012<\/em><\/h6>\n\n\n\n<h4 class=\"wp-block-heading\">1. Kreisklasse<\/h4>\n\n\n\n<h6 class=\"wp-block-heading\">Kreis Region Hannover HR 02<\/h6>\n\n\n\n<div style=\"height:15px\" aria-hidden=\"true\" class=\"wp-block-spacer\"><\/div>\n\n\n\n<h5 class=\"wp-block-heading\">Trainer Maren Nellen<\/h5>\n\n\n\n<p>E-Mail: <a href=\"mailto:m.nellen@scwedemark.de\">m.nellen@scwedemark.de<\/a><\/p>\n\n\n\n<p>Tel.: (0172) 64 14 309<\/p>\n\n\n\n<div style=\"height:15px\" aria-hidden=\"true\" class=\"wp-block-spacer\"><\/div>\n\n\n\n<h5 class=\"wp-block-heading\">Co-Trainer Volkmar Sklarek<\/h5>\n\n\n\n<p>E-Mail: <a href=\"mailto:volkmar.sklarek@1fcbrelingen.de\">volkmar.sklarek@1fcbrelingen.de<\/a><\/p>\n\n\n\n<div style=\"height:15px\" aria-hidden=\"true\" class=\"wp-block-spacer\"><\/div>\n\n\n\n<h5 class=\"wp-block-heading\">Spielort<\/h5>\n\n\n\n<p>Brelingen<\/p>\n\n\n\n<div style=\"height:15px\" aria-hidden=\"true\" class=\"wp-block-spacer\"><\/div>\n\n\n\n<h5 class=\"wp-block-heading\">Trainingszeiten<\/h5>\n\n\n\n<p>Dienstags und Donnerstags 17:00 Uhr \u2013 19:00 Uhr in Brelingen<\/p>\n\n\n\n<div style=\"height:20px\" aria-hidden=\"true\" class=\"wp-block-spacer\"><\/div>\n\n\n\n<div class=\"wp-block-buttons is-layout-flex wp-block-buttons-is-layout-flex\">\n<div class=\"wp-block-button has-custom-width wp-block-button__width-50\"><a class=\"wp-block-button__link wp-element-button\" href=\"#Berichte\">Berichte<\/a><\/div>\n\n\n\n<div class=\"wp-block-button has-custom-width wp-block-button__width-50 is-style-fill\" id=\"C2\"><a class=\"wp-block-button__link wp-element-button\" href=\"https:\/\/www.fussball.de\/mannschaft\/jsg-w-b-resse-9er-sc-wedemark-niedersachsen\/-\/saison\/2122\/team-id\/011MIE6AJK000000VTVG0001VTR8C1K7#!\/\" target=\"_blank\" rel=\"noreferrer noopener\">Ergebnisse<\/a><\/div>\n<\/div>\n<\/div><\/div>\n\n\n\n<div style=\"height:100px\" aria-hidden=\"true\" class=\"wp-block-spacer\"><\/div>\n\n\n\n<div class=\"wp-block-group alignfull has-white-background-color has-background\"><div class=\"wp-block-group__inner-container is-layout-flow wp-block-group-is-layout-flow\">\n<h2 class=\"wp-block-heading\" id=\"Berichte\">Berichte<\/h2>\n\n\n\n<hr class=\"wp-block-separator has-css-opacity\"\/>\n\n\n\n<div class=\"wp-block-columns alignwide are-vertically-aligned-center is-layout-flex wp-container-core-columns-is-layout-9d6595d7 wp-block-columns-is-layout-flex\">\n<div class=\"wp-block-column is-layout-flow wp-block-column-is-layout-flow\" style=\"flex-basis:50%\">\n<p class=\"has-text-color has-medium-font-size\" style=\"color:#000000;line-height:1.1\"><strong>Ambitioniert in die Zukunft<\/strong><\/p>\n<\/div>\n\n\n\n<div class=\"wp-block-column is-layout-flow wp-block-column-is-layout-flow\" style=\"flex-basis:50%\">\n<hr class=\"wp-block-separator has-text-color has-pale-cyan-blue-color has-css-opacity has-pale-cyan-blue-background-color has-background is-style-wide\"\/>\n<\/div>\n<\/div>\n\n\n\n<div class=\"wp-block-columns alignwide is-layout-flex wp-container-core-columns-is-layout-9d6595d7 wp-block-columns-is-layout-flex\">\n<div class=\"wp-block-column is-layout-flow wp-block-column-is-layout-flow\">\n<h6 class=\"wp-block-heading\">15.02.2026<\/h6>\n\n\n\n<p class=\"has-text-align-left\">R\u00fcckblick auf die Vorrunde der Saison 2025\/26<\/p>\n\n\n\n<div style=\"height:33px\" aria-hidden=\"true\" class=\"wp-block-spacer\"><\/div>\n\n\n\n<div style=\"height:10px\" aria-hidden=\"true\" class=\"wp-block-spacer\"><\/div>\n<\/div>\n\n\n\n<div class=\"wp-block-column is-layout-flow wp-block-column-is-layout-flow\">\n<p>Die&nbsp;C-Jugend der JSG Wedemark&nbsp;blickt auf eine ereignisreiche und lehrreiche Vorrunde der Saison 2025\/26 zur\u00fcck. Mit insgesamt&nbsp;26 aktiven Fu\u00dfballern&nbsp;startete das Team in eine neue Spielzeit, die vor allem von Entwicklung, Lernprozessen und einer stetig wachsenden mannschaftlichen Geschlossenheit gepr\u00e4gt war.<\/p>\n\n\n\n<p>Der Saisonbeginn war zun\u00e4chst von&nbsp;Anlaufschwierigkeiten&nbsp;begleitet. Die Umstellung auf das&nbsp;gro\u00dfe Feld, die&nbsp;gro\u00dfen Tore&nbsp;sowie das Spiel mit&nbsp;11 Spielern<strong>&nbsp;<\/strong>stellte f\u00fcr viele Akteure eine neue Herausforderung dar. In den ersten Partien war diese Anpassungsphase deutlich sp\u00fcrbar, sowohl spielerisch als auch taktisch. Doch die Mannschaft lie\u00df sich davon nicht entmutigen und arbeitete kontinuierlich an ihrer Entwicklung.<\/p>\n\n\n\n<p>Mit zunehmender Spielpraxis fand das Team immer besser in den neuen Spielmodus. Trainingsinhalte griffen, Abl\u00e4ufe wurden sicherer und das Zusammenspiel verbesserte sich sp\u00fcrbar. Diese positive Entwicklung spiegelte sich auch in den Ergebnissen wider.<\/p>\n<\/div>\n\n\n\n<div class=\"wp-block-column is-layout-flow wp-block-column-is-layout-flow\">\n<p>Am Ende der Vorrunde steht die JSG Wedemark auf einem&nbsp;starken 5. Tabellenplatz&nbsp;mit&nbsp;14 Punkten&nbsp;und einem&nbsp;Torverh\u00e4ltnis von 32:16. Besonders erfreulich: Die Mannschaft blieb in den&nbsp;letzten f\u00fcnf Pflichtspielen ungeschlagen&nbsp;und konnte sich so mit einer klaren Aufw\u00e4rtstendenz in die Winterpause verabschieden.<\/p>\n\n\n\n<p>Betreut wird das Team von einem engagierten&nbsp;Trainerteam:<br>Haupttrainerin Maren,&nbsp;Co-Trainer (Taktik) Volkmar&nbsp;und&nbsp;Athletikcoach Tino, die gemeinsam f\u00fcr eine ganzheitliche sportliche Entwicklung der Spieler sorgen \u2013 technisch, taktisch und k\u00f6rperlich.<\/p>\n\n\n\n<p>Mit diesem positiven Trend blickt die Mannschaft nun&nbsp;zuversichtlich in die Hauptrunde. Die Entwicklung der vergangenen Monate macht Mut und zeigt, welches Potenzial in der C-Jugend der JSG Wedemark steckt. Langfristig ist das klare Ziel gesetzt: In der&nbsp;Saison 2026\/27&nbsp;m\u00f6chte das Team&nbsp;in der Kreisliga erfolgreich angreifen&nbsp;und sich dort nachhaltig etablieren.<\/p>\n\n\n\n<p>Die Vorrunde hat gezeigt: Der Weg stimmt \u2013 sportlich wie mannschaftlich. \ud83d\udcaa\u26bd<\/p>\n<\/div>\n<\/div>\n\n\n\n<hr class=\"wp-block-separator has-css-opacity\"\/>\n\n\n\n<div class=\"wp-block-columns alignwide are-vertically-aligned-center is-layout-flex wp-container-core-columns-is-layout-9d6595d7 wp-block-columns-is-layout-flex\">\n<div class=\"wp-block-column is-layout-flow wp-block-column-is-layout-flow\" style=\"flex-basis:50%\">\n<p class=\"has-text-color has-medium-font-size\" style=\"color:#000000;line-height:1.1\"><strong>Punkt- und Tordifferenzgleich gleich mit dem Tabellenf\u00fchrer<\/strong><\/p>\n<\/div>\n\n\n\n<div class=\"wp-block-column is-layout-flow wp-block-column-is-layout-flow\" style=\"flex-basis:50%\">\n<hr class=\"wp-block-separator has-text-color has-pale-cyan-blue-color has-css-opacity has-pale-cyan-blue-background-color has-background is-style-wide\"\/>\n<\/div>\n<\/div>\n\n\n\n<div class=\"wp-block-columns alignwide is-layout-flex wp-container-core-columns-is-layout-9d6595d7 wp-block-columns-is-layout-flex\">\n<div class=\"wp-block-column is-layout-flow wp-block-column-is-layout-flow\">\n<h6 class=\"wp-block-heading\">19.11.2023<\/h6>\n\n\n\n<p class=\"has-text-align-left\">nur ein Tor hinter dem Lokalrivalen<\/p>\n\n\n\n<div style=\"height:33px\" aria-hidden=\"true\" class=\"wp-block-spacer\"><\/div>\n\n\n\n<div style=\"height:10px\" aria-hidden=\"true\" class=\"wp-block-spacer\"><\/div>\n<\/div>\n\n\n\n<div class=\"wp-block-column is-layout-flow wp-block-column-is-layout-flow\">\n<p>Das war mal denkbar knapp! Mit nur einem geschossenen Tor Unterschied musste man sich in der Hinrunde hinter dem Lokalrivalen aus der Wedemark in der Tabelle der 1. Kreisklasse einordnen. Bereits am dritten Spieltag trennten sich die beiden Mannschaften ebenfalls mit einem 2:2 Unentschieden und so mussten bei gleicher Tordifferenz die mehr geschossenen Tore ma\u00dfgebend zur Einsortierung in der Tabelle herhalten. <\/p>\n<\/div>\n\n\n\n<div class=\"wp-block-column is-layout-flow wp-block-column-is-layout-flow\">\n<p>&#8222;Mellendorf\/Elze hatte den Vorteil, genau zu wissen, wie sie das letzte Spiel gestalten m\u00fcssen&#8220;, \u00e4rgert sich Trainer Andy Holz ein wenig. Denn mit einem Nachholspiel konnten unsere Nachbarn die entscheidenden Punkte, oder besser gesagt, Tore einfahren. Ob es nur daran gelegen hat, wissen wir jedoch nicht und deshalb gehen unsere Gl\u00fcckw\u00fcnsche zur Herbstmeisterschaft dieses mal nach Mellendorf und Elze. <\/p>\n<\/div>\n<\/div>\n\n\n\n<div class=\"wp-block-columns is-layout-flex wp-container-core-columns-is-layout-9d6595d7 wp-block-columns-is-layout-flex\">\n<div class=\"wp-block-column is-layout-flow wp-block-column-is-layout-flow\" style=\"flex-basis:33.33%\"><\/div>\n\n\n\n<div class=\"wp-block-column is-layout-flow wp-block-column-is-layout-flow\" style=\"flex-basis:66.66%\">\n<figure class=\"wp-block-image size-large\"><img loading=\"lazy\" decoding=\"async\" width=\"1024\" height=\"148\" src=\"https:\/\/1fcbrelingen.de\/jsg_wedemark\/wp-content\/uploads\/2023\/11\/MTVJSG-1024x148.png\" alt=\"\" class=\"wp-image-1910\" srcset=\"https:\/\/1fcbrelingen.de\/jsg_wedemark\/wp-content\/uploads\/2023\/11\/MTVJSG-1024x148.png 1024w, https:\/\/1fcbrelingen.de\/jsg_wedemark\/wp-content\/uploads\/2023\/11\/MTVJSG-300x43.png 300w, https:\/\/1fcbrelingen.de\/jsg_wedemark\/wp-content\/uploads\/2023\/11\/MTVJSG-768x111.png 768w, https:\/\/1fcbrelingen.de\/jsg_wedemark\/wp-content\/uploads\/2023\/11\/MTVJSG.png 1215w\" sizes=\"auto, (max-width: 1024px) 100vw, 1024px\" \/><\/figure>\n<\/div>\n<\/div>\n\n\n\n<hr class=\"wp-block-separator has-css-opacity\"\/>\n\n\n\n<div class=\"wp-block-columns alignwide are-vertically-aligned-center is-layout-flex wp-container-core-columns-is-layout-9d6595d7 wp-block-columns-is-layout-flex\">\n<div class=\"wp-block-column is-layout-flow wp-block-column-is-layout-flow\" style=\"flex-basis:50%\">\n<p class=\"has-text-color has-medium-font-size\" style=\"color:#000000;line-height:1.1\"><strong>Reserve<\/strong> <strong>abgemeldet<\/strong><\/p>\n<\/div>\n\n\n\n<div class=\"wp-block-column is-layout-flow wp-block-column-is-layout-flow\" style=\"flex-basis:50%\">\n<hr class=\"wp-block-separator has-text-color has-pale-cyan-blue-color has-css-opacity has-pale-cyan-blue-background-color has-background is-style-wide\"\/>\n<\/div>\n<\/div>\n\n\n\n<div class=\"wp-block-columns alignwide is-layout-flex wp-container-core-columns-is-layout-9d6595d7 wp-block-columns-is-layout-flex\">\n<div class=\"wp-block-column is-layout-flow wp-block-column-is-layout-flow\">\n<h6 class=\"wp-block-heading\">18.03.2023<\/h6>\n\n\n\n<p class=\"has-text-align-left\">7er Mannschaft ist wieder abgemeldet<\/p>\n\n\n\n<div style=\"height:33px\" aria-hidden=\"true\" class=\"wp-block-spacer\"><\/div>\n\n\n\n<div style=\"height:10px\" aria-hidden=\"true\" class=\"wp-block-spacer\"><\/div>\n\n\n\n<p class=\"has-text-align-center has-small-font-size\"><\/p>\n<\/div>\n\n\n\n<div class=\"wp-block-column is-layout-flow wp-block-column-is-layout-flow\">\n<p>Mangels personeller Besetzung einer Betreuung bei den Spielen im Ligabetrieb haben wir uns dazu entschlie\u00dfen m\u00fcssen das 7er Team von der R\u00fcckrunde abzumelden. <\/p>\n<\/div>\n\n\n\n<div class=\"wp-block-column is-layout-flow wp-block-column-is-layout-flow\">\n<p>Gerne machen wir das nicht, da durch das Team vor allem viele des j\u00fcngeren Jahrgangs an Spielpraxis kamen, die in der 1. Mannschaft sonst nicht so zum Einsatz gekommen sind.<\/p>\n<\/div>\n<\/div>\n\n\n\n<hr class=\"wp-block-separator has-css-opacity\"\/>\n\n\n\n<div class=\"wp-block-columns alignwide are-vertically-aligned-center is-layout-flex wp-container-core-columns-is-layout-9d6595d7 wp-block-columns-is-layout-flex\">\n<div class=\"wp-block-column is-layout-flow wp-block-column-is-layout-flow\" style=\"flex-basis:50%\">\n<p class=\"has-text-color has-medium-font-size\" style=\"color:#000000;line-height:1.1\"><strong>C-Jugend mit Reserve<\/strong><\/p>\n<\/div>\n\n\n\n<div class=\"wp-block-column is-layout-flow wp-block-column-is-layout-flow\" style=\"flex-basis:50%\">\n<hr class=\"wp-block-separator has-text-color has-pale-cyan-blue-color has-css-opacity has-pale-cyan-blue-background-color has-background is-style-wide\"\/>\n<\/div>\n<\/div>\n\n\n\n<div class=\"wp-block-columns alignwide is-layout-flex wp-container-core-columns-is-layout-9d6595d7 wp-block-columns-is-layout-flex\">\n<div class=\"wp-block-column is-layout-flow wp-block-column-is-layout-flow\">\n<h6 class=\"wp-block-heading\">02.09.2022<\/h6>\n\n\n\n<p class=\"has-text-align-left\">7er Mannschaft wird nachgemeldet<\/p>\n\n\n\n<div style=\"height:33px\" aria-hidden=\"true\" class=\"wp-block-spacer\"><\/div>\n\n\n\n<div style=\"height:10px\" aria-hidden=\"true\" class=\"wp-block-spacer\"><\/div>\n\n\n\n<p class=\"has-text-align-center has-small-font-size\"><\/p>\n<\/div>\n\n\n\n<div class=\"wp-block-column is-layout-flow wp-block-column-is-layout-flow\">\n<p>Der Zustrom auf die C-Jugend h\u00e4lt an. Deshalb wurde eine weitere 7er Mannschaft im Spielbetrieb der 2. Kreisklasse angemeldet.<\/p>\n<\/div>\n\n\n\n<div class=\"wp-block-column is-layout-flow wp-block-column-is-layout-flow\">\n<p>Diese konnte auch zugleich erfolgreich mit einen satten 5:0 Sieg zuhause in Resse gegen die JSG Dedensen\/G\u00fcmmer\/Kirchwehren-Lathwehren II in die Punktspiele starten.<\/p>\n<\/div>\n<\/div>\n\n\n\n<hr class=\"wp-block-separator has-css-opacity\"\/>\n\n\n\n<div class=\"wp-block-columns alignwide are-vertically-aligned-center is-layout-flex wp-container-core-columns-is-layout-9d6595d7 wp-block-columns-is-layout-flex\">\n<div class=\"wp-block-column is-layout-flow wp-block-column-is-layout-flow\" style=\"flex-basis:50%\">\n<p class=\"has-text-color has-medium-font-size\" style=\"color:#000000;line-height:1.1\"><strong>Breitensportangebot geschw\u00e4cht<\/strong><\/p>\n<\/div>\n\n\n\n<div class=\"wp-block-column is-layout-flow wp-block-column-is-layout-flow\" style=\"flex-basis:50%\">\n<hr class=\"wp-block-separator has-text-color has-pale-cyan-blue-color has-css-opacity has-pale-cyan-blue-background-color has-background is-style-wide\"\/>\n<\/div>\n<\/div>\n\n\n\n<div class=\"wp-block-columns alignwide is-layout-flex wp-container-core-columns-is-layout-9d6595d7 wp-block-columns-is-layout-flex\">\n<div class=\"wp-block-column is-layout-flow wp-block-column-is-layout-flow\">\n<h6 class=\"wp-block-heading\">26.06.2022<\/h6>\n\n\n\n<p class=\"has-text-align-left\"><strong><strong>Betrieb der C3 wird vorerst eingestellt<\/strong><\/strong><\/p>\n\n\n\n<div style=\"height:33px\" aria-hidden=\"true\" class=\"wp-block-spacer\"><\/div>\n\n\n\n<div style=\"height:10px\" aria-hidden=\"true\" class=\"wp-block-spacer\"><\/div>\n\n\n\n<p class=\"has-text-align-center has-small-font-size\"><\/p>\n<\/div>\n\n\n\n<div class=\"wp-block-column is-layout-flow wp-block-column-is-layout-flow\">\n<p>Mit Sicht auf die kommende Saison wird der Betrieb einer zweiten C-Jugend nicht mehr geplant. <\/p>\n<\/div>\n\n\n\n<div class=\"wp-block-column is-layout-flow wp-block-column-is-layout-flow\">\n<p>Wer weiter Interesse am Fu\u00dfball hat, wird gebeten, beim <a href=\"https:\/\/1fcbrelingen.de\/jsg_wedemark\/mannschaften\/c-junioren-i\/\">Training der C1<\/a> vorbeizuschauen.<\/p>\n<\/div>\n<\/div>\n\n\n\n<hr class=\"wp-block-separator has-css-opacity\"\/>\n\n\n\n<div class=\"wp-block-columns alignwide are-vertically-aligned-center is-layout-flex wp-container-core-columns-is-layout-9d6595d7 wp-block-columns-is-layout-flex\">\n<div class=\"wp-block-column is-layout-flow wp-block-column-is-layout-flow\" style=\"flex-basis:50%\">\n<p class=\"has-text-color has-medium-font-size\" style=\"color:#000000;line-height:1.1\"><strong>C3 sucht neue:n Trainer:in<\/strong><\/p>\n<\/div>\n\n\n\n<div class=\"wp-block-column is-layout-flow wp-block-column-is-layout-flow\" style=\"flex-basis:50%\">\n<hr class=\"wp-block-separator has-text-color has-pale-cyan-blue-color has-css-opacity has-pale-cyan-blue-background-color has-background is-style-wide\"\/>\n<\/div>\n<\/div>\n\n\n\n<div class=\"wp-block-columns alignwide is-layout-flex wp-container-core-columns-is-layout-9d6595d7 wp-block-columns-is-layout-flex\">\n<div class=\"wp-block-column is-layout-flow wp-block-column-is-layout-flow\">\n<h6 class=\"wp-block-heading\">28.05.2022<\/h6>\n\n\n\n<p class=\"has-text-align-left\"><strong><strong>Nellen geht in Auszeit<\/strong>&nbsp;\u2013 Mitspieler:innen zur Komplettierung des Kaders ebenfalls gern gesehen.<\/strong><\/p>\n\n\n\n<div style=\"height:33px\" aria-hidden=\"true\" class=\"wp-block-spacer\"><\/div>\n\n\n\n<div style=\"height:10px\" aria-hidden=\"true\" class=\"wp-block-spacer\"><\/div>\n\n\n\n<p class=\"has-text-align-center has-small-font-size\"><\/p>\n<\/div>\n\n\n\n<div class=\"wp-block-column is-layout-flow wp-block-column-is-layout-flow\">\n<p>F\u00fcr die kommende Saison ist die 3. C-Jugend auf der Suche nach einer neuen \u00dcbungsleitung. Nach sieben Jahren intensiven Engagements f\u00fcr den Jugendfu\u00dfball beim 1. FC Brelingen und in der JSG hat sich amtierende Trainerin Maren Nellen f\u00fcr eine Auszeit im Fu\u00dfballgeschehen entschlossen. Eine Entscheidung, die alle Mitglieder des JSG-Gremiums bedauern aber durchaus nachvollziehen k\u00f6nnen. \u201eAuch, wenn wir alle f\u00fcr unsere Sportart brennen, so geht die kontinuierliche Arbeit auf und neben dem Platz nicht spurlos an uns vorbei\u201c, so Mitglied Volkmar Sklarek.<\/p>\n\n\n\n<p>Mit guten Ergebnissen steht die 3. Mannschaft der Jahrgangsstufe derzeit bei zwei ausbleibenden Spielen auf einem guten mittleren Tabellenrang der 2. Kreisklasse, in der u.a. auch ein beachtliches Unentschieden gegen die U15-Juniorinnenauswahl von Hannover 96 erspielt werden konnte. Mit viel Eifer und F\u00fcrsorge hat Nellen aus der Truppe, in die viele Spieler wieder einbezogen wurden, die teils pandemiebedingt, teils aus anderen Gr\u00fcnden bereits mit dem Fu\u00dfballspielen aufgeh\u00f6rt hatten, eine echte Mannschaft geformt.<\/p>\n\n\n\n<p>Die Sorge um eine ausreichende Spieleranzahl zu den anstehenden Punktspielen geh\u00f6rt hin und wieder zum Trainergesch\u00e4ft, kann aber zu einer echten Herausforderung werden, wenn sie mangels Hingabe der Spieler zu einem Dauerzustand wird. Diese Leistung und Motivation muss aus der Mannschaft selbst heraus erfolgen. Neben der gesuchten \u00dcbungsleitung ist es also auch die Mannschaftsst\u00e4rke, die dem JSG-Gremium (bestehend aus Mitgliedern aller drei Vereine) f\u00fcr eine Neumeldung in der Saison 22\/23 etwas Sorge bereitet. Momentan reicht es wohl nur zu einer 9er-Mannschaft. <\/p>\n<\/div>\n\n\n\n<div class=\"wp-block-column is-layout-flow wp-block-column-is-layout-flow\">\n<p>Wer (wieder) Lust versp\u00fcrt unbeschwert und ohne im Vordergrund stehendem Leistungsdruck in Gemeinschaft gegen das runde Leder zu treten und im Jahr 2008 oder 2009 (bzw. M\u00e4dchen auch 2007) geboren wurde, darf gerne einmal beim&nbsp;<a rel=\"noreferrer noopener\" href=\"https:\/\/1fcbrelingen.de\/jsg_wedemark\/mannschaften\/c-junioren-i\/#C3\" target=\"_blank\">Training<\/a>&nbsp;vorbeischauen oder&nbsp;<a rel=\"noreferrer noopener\" href=\"https:\/\/1fcbrelingen.de\/jsg_wedemark\/kontakt\/\" target=\"_blank\">unsere Ansprechpartner<\/a>&nbsp;kontaktieren.<\/p>\n\n\n\n<p>Leider steht auch in der Trainerfrage momentan keine Person in den Vereinen frei zu Verf\u00fcgung, so dass wir ein v\u00f6llig neues Engagement ben\u00f6tigen. Unser Appell richtet sich nun an die Eltern der Kinder, aber auch an die Spieler:innen unserer aktiven Senior:innenteams, sich f\u00fcr das Hobby unseres Nachwuchses stark zu machen und ein gemeinsames daraus zu machen. \u201eDie Jungs spielen ordentlichen Fu\u00dfball und das zeichnet sich auch durch Punktgewinne in der Liga aus\u201c, beobachtete Sklarek teils Live als Zuschauer. Es w\u00e4re also schade, wenn es am Ende am fehlenden Interesse der Erwachsenen liegt, dass die Mannschaft aufgel\u00f6st werden muss. Damit es aber nicht soweit kommt, k\u00f6nnen sich bis zum 20.06.2022 alle Interessierten an die&nbsp;<a rel=\"noreferrer noopener\" href=\"https:\/\/1fcbrelingen.de\/jsg_wedemark\/kontakt\/\" target=\"_blank\">Ansprechpartner in den Vereinen<\/a>&nbsp;wenden. Der Unterst\u00fctzung des JSG-Gremiums k\u00f6nnen sie sich sicher sein.<\/p>\n\n\n\n<p>Die Mannschaft trainiert aktuell montags und donnerstags bzw. freitags von 17:30 Uhr bis 19:00 Uhr auf dem Sportgel\u00e4nde in Brelingen und tr\u00e4gt dort auch ihre Heimspiele aus. F\u00fcr die verbliebenen zwei Partien der Saison w\u00fcnschen wir viel Erfolg.<\/p>\n\n\n\n<p>Aktueller Tabellenstand:<\/p>\n\n\n\n<p>4. Platz \/ 7 Punkte<\/p>\n\n\n\n<p>2 Siege \/ 1 Unentschieden \/ 2 Niederlagen<\/p>\n\n\n\n<p>10 : 12 Tore<\/p>\n<\/div>\n<\/div>\n<\/div><\/div>\n\n\n\n<p><\/p>\n","protected":false},"excerpt":{"rendered":"<p>Berichte Ambitioniert in die Zukunft 15.02.2026 R\u00fcckblick auf die Vorrunde der Saison 2025\/26 Die&nbsp;C-Jugend der JSG Wedemark&nbsp;blickt auf eine ereignisreiche und lehrreiche Vorrunde der Saison 2025\/26 zur\u00fcck. Mit insgesamt&nbsp;26 aktiven Fu\u00dfballern&nbsp;startete das Team in eine neue Spielzeit, die vor allem von Entwicklung, Lernprozessen und einer stetig wachsenden mannschaftlichen Geschlossenheit gepr\u00e4gt war. Der Saisonbeginn war zun\u00e4chst [&hellip;]<\/p>\n","protected":false},"author":2,"featured_media":0,"parent":31,"menu_order":0,"comment_status":"closed","ping_status":"closed","template":"","meta":{"footnotes":""},"class_list":["post-57","page","type-page","status-publish","hentry"],"_links":{"self":[{"href":"https:\/\/1fcbrelingen.de\/jsg_wedemark\/wp-json\/wp\/v2\/pages\/57","targetHints":{"allow":["GET"]}}],"collection":[{"href":"https:\/\/1fcbrelingen.de\/jsg_wedemark\/wp-json\/wp\/v2\/pages"}],"about":[{"href":"https:\/\/1fcbrelingen.de\/jsg_wedemark\/wp-json\/wp\/v2\/types\/page"}],"author":[{"embeddable":true,"href":"https:\/\/1fcbrelingen.de\/jsg_wedemark\/wp-json\/wp\/v2\/users\/2"}],"replies":[{"embeddable":true,"href":"https:\/\/1fcbrelingen.de\/jsg_wedemark\/wp-json\/wp\/v2\/comments?post=57"}],"version-history":[{"count":83,"href":"https:\/\/1fcbrelingen.de\/jsg_wedemark\/wp-json\/wp\/v2\/pages\/57\/revisions"}],"predecessor-version":[{"id":2144,"href":"https:\/\/1fcbrelingen.de\/jsg_wedemark\/wp-json\/wp\/v2\/pages\/57\/revisions\/2144"}],"up":[{"embeddable":true,"href":"https:\/\/1fcbrelingen.de\/jsg_wedemark\/wp-json\/wp\/v2\/pages\/31"}],"wp:attachment":[{"href":"https:\/\/1fcbrelingen.de\/jsg_wedemark\/wp-json\/wp\/v2\/media?parent=57"}],"curies":[{"name":"wp","href":"https:\/\/api.w.org\/{rel}","templated":true}]}}