{"id":607,"date":"2021-12-09T22:47:58","date_gmt":"2021-12-09T21:47:58","guid":{"rendered":"https:\/\/1fcbrelingen.de\/jsg_wedemark\/?page_id=607"},"modified":"2025-06-30T21:43:43","modified_gmt":"2025-06-30T19:43:43","slug":"spielstaetten","status":"publish","type":"page","link":"https:\/\/1fcbrelingen.de\/jsg_wedemark\/spielstaetten\/","title":{"rendered":"Spielst\u00e4tten"},"content":{"rendered":"\n<h2 class=\"wp-block-heading has-pale-cyan-blue-color has-text-color\" id=\"wo-rollt-der-ball\">WO ROLLT DER BALL&#8230;<\/h2>\n\n\n\n<p>Unsere Vereine bieten auf allen drei Vereinsgel\u00e4nden eine vollumf\u00e4ngliche Ausstattung f\u00fcr den Trainings- und Spielbetrieb.<\/p>\n\n\n\n<p>Die Jugendmannschaften nutzen Spielst\u00e4tten aller Vereine. Hierbei wird nach der Mannschaftszusammenstellung besonders darauf geachtet, dass haupts\u00e4chlich an dem Ort trainiert und gespielt wird, der dem Wohnort der meisten Spieler\/-innen nahe liegt.<\/p>\n\n\n\n<div style=\"height:75px\" aria-hidden=\"true\" class=\"wp-block-spacer\"><\/div>\n\n\n\n<h2 class=\"wp-block-heading\" id=\"spielorte\">Spielorte<\/h2>\n\n\n\n<hr class=\"wp-block-separator has-text-color has-pale-cyan-blue-color has-css-opacity has-pale-cyan-blue-background-color has-background is-style-wide\"\/>\n\n\n\n<div class=\"wp-block-columns are-vertically-aligned-center is-layout-flex wp-container-core-columns-is-layout-9d6595d7 wp-block-columns-is-layout-flex\">\n<div class=\"wp-block-column is-vertically-aligned-center is-layout-flow wp-block-column-is-layout-flow\" style=\"flex-basis:66.66%\">\n<div class=\"wp-block-columns is-layout-flex wp-container-core-columns-is-layout-9d6595d7 wp-block-columns-is-layout-flex\">\n<div class=\"wp-block-column is-vertically-aligned-center is-layout-flow wp-block-column-is-layout-flow\" style=\"flex-basis:100%\">\n<div class=\"wp-block-group\"><div class=\"wp-block-group__inner-container is-layout-flow wp-block-group-is-layout-flow\">\n<figure class=\"wp-block-table alignleft is-style-stripes\"><table><tbody><tr><td class=\"has-text-align-left\" data-align=\"left\"><strong>Mannschaft<\/strong><\/td><td class=\"has-text-align-left\" data-align=\"left\"><strong>Ort<\/strong><\/td><td class=\"has-text-align-left\" data-align=\"left\">Trainingstage<\/td><\/tr><tr><td class=\"has-text-align-left\" data-align=\"left\">A-Jugend<\/td><td class=\"has-text-align-left\" data-align=\"left\">Resse<\/td><td class=\"has-text-align-left\" data-align=\"left\">Montag\/Dienstag und Freitag<\/td><\/tr><tr><td class=\"has-text-align-left\" data-align=\"left\">B-Jugend<\/td><td class=\"has-text-align-left\" data-align=\"left\">Brelingen<\/td><td class=\"has-text-align-left\" data-align=\"left\">Mittwoch \/ Freitag<\/td><\/tr><tr><td class=\"has-text-align-left\" data-align=\"left\">C-Jugend       <\/td><td class=\"has-text-align-left\" data-align=\"left\">Brelingen<\/td><td class=\"has-text-align-left\" data-align=\"left\">Dienstag \/ Donnerstag<\/td><\/tr><tr><td class=\"has-text-align-left\" data-align=\"left\">D-Jugend I<\/td><td class=\"has-text-align-left\" data-align=\"left\">Brelingen<\/td><td class=\"has-text-align-left\" data-align=\"left\">Montag \/ Donnerstag<\/td><\/tr><tr><td class=\"has-text-align-left\" data-align=\"left\">D-Jugend II<\/td><td class=\"has-text-align-left\" data-align=\"left\">Bissendorf<\/td><td class=\"has-text-align-left\" data-align=\"left\"><\/td><\/tr><tr><td class=\"has-text-align-left\" data-align=\"left\">D-Jugend III<\/td><td class=\"has-text-align-left\" data-align=\"left\">Brelingen<\/td><td class=\"has-text-align-left\" data-align=\"left\">Dienstag \/ Freitag<\/td><\/tr><tr><td class=\"has-text-align-left\" data-align=\"left\">D-Jugend IV<\/td><td class=\"has-text-align-left\" data-align=\"left\">Bissendorf<\/td><td class=\"has-text-align-left\" data-align=\"left\"><\/td><\/tr><\/tbody><\/table><\/figure>\n<\/div><\/div>\n<\/div>\n<\/div>\n<\/div>\n<\/div>\n\n\n\n<h2 class=\"wp-block-heading\" id=\"adressen\">Adressen<\/h2>\n\n\n\n<hr class=\"wp-block-separator has-text-color has-pale-cyan-blue-color has-css-opacity has-pale-cyan-blue-background-color has-background\"\/>\n\n\n\n<div style=\"height:15px\" aria-hidden=\"true\" class=\"wp-block-spacer\"><\/div>\n\n\n\n<div class=\"wp-block-columns is-layout-flex wp-container-core-columns-is-layout-9d6595d7 wp-block-columns-is-layout-flex\">\n<div class=\"wp-block-column is-layout-flow wp-block-column-is-layout-flow\">\n<p id=\"AdresseBissendorf\"><strong>Ort Bissendorf \/ Wennebostel<\/strong><\/p>\n\n\n\n<div style=\"height:20px\" aria-hidden=\"true\" class=\"wp-block-spacer\"><\/div>\n\n\n\n<p>3 Rasenpl\u00e4tze<\/p>\n\n\n\n<p>Clubgastst\u00e4tte<\/p>\n<\/div>\n\n\n\n<div class=\"wp-block-column is-layout-flow wp-block-column-is-layout-flow\">\n<figure class=\"wp-block-image size-full is-resized\"><img loading=\"lazy\" decoding=\"async\" width=\"498\" height=\"360\" src=\"https:\/\/1fcbrelingen.de\/jsg_wedemark\/wp-content\/uploads\/2022\/06\/Bild_2022-06-26_065026848.png\" alt=\"\" class=\"wp-image-1555\" style=\"width:256px;height:185px\" srcset=\"https:\/\/1fcbrelingen.de\/jsg_wedemark\/wp-content\/uploads\/2022\/06\/Bild_2022-06-26_065026848.png 498w, https:\/\/1fcbrelingen.de\/jsg_wedemark\/wp-content\/uploads\/2022\/06\/Bild_2022-06-26_065026848-300x217.png 300w\" sizes=\"auto, (max-width: 498px) 100vw, 498px\" \/><\/figure>\n<\/div>\n\n\n\n<div class=\"wp-block-column is-layout-flow wp-block-column-is-layout-flow\">\n<figure class=\"wp-block-image size-full is-resized\"><img loading=\"lazy\" decoding=\"async\" width=\"977\" height=\"747\" src=\"https:\/\/1fcbrelingen.de\/jsg_wedemark\/wp-content\/uploads\/2022\/06\/Bild_2022-06-26_071443250.png\" alt=\"\" class=\"wp-image-1566\" style=\"width:244px;height:186px\" srcset=\"https:\/\/1fcbrelingen.de\/jsg_wedemark\/wp-content\/uploads\/2022\/06\/Bild_2022-06-26_071443250.png 977w, https:\/\/1fcbrelingen.de\/jsg_wedemark\/wp-content\/uploads\/2022\/06\/Bild_2022-06-26_071443250-300x229.png 300w, https:\/\/1fcbrelingen.de\/jsg_wedemark\/wp-content\/uploads\/2022\/06\/Bild_2022-06-26_071443250-768x587.png 768w\" sizes=\"auto, (max-width: 977px) 100vw, 977px\" \/><\/figure>\n<\/div>\n<\/div>\n\n\n\n<div class=\"wp-block-columns is-layout-flex wp-container-core-columns-is-layout-9d6595d7 wp-block-columns-is-layout-flex\">\n<div class=\"wp-block-column is-layout-flow wp-block-column-is-layout-flow\">\n<p>Am M\u00fchlenberg 22<\/p>\n<\/div>\n\n\n\n<div class=\"wp-block-column is-layout-flow wp-block-column-is-layout-flow\">\n<p>30900 Wedemark<\/p>\n<\/div>\n\n\n\n<div class=\"wp-block-column is-layout-flow wp-block-column-is-layout-flow\">\n<p id=\"AdresseBrelingen\">Heimst\u00e4tte des SC Wedemark<\/p>\n<\/div>\n<\/div>\n\n\n\n<hr class=\"wp-block-separator has-css-opacity\"\/>\n\n\n\n<div class=\"wp-block-columns is-layout-flex wp-container-core-columns-is-layout-9d6595d7 wp-block-columns-is-layout-flex\">\n<div class=\"wp-block-column is-layout-flow wp-block-column-is-layout-flow\">\n<p><strong>Ort Brelingen<\/strong><\/p>\n\n\n\n<div style=\"height:20px\" aria-hidden=\"true\" class=\"wp-block-spacer\"><\/div>\n\n\n\n<p>2 Rasenpl\u00e4tze<\/p>\n\n\n\n<p>Restaurant<\/p>\n<\/div>\n\n\n\n<div class=\"wp-block-column is-layout-flow wp-block-column-is-layout-flow\">\n<figure class=\"wp-block-image size-full is-resized\"><img loading=\"lazy\" decoding=\"async\" width=\"497\" height=\"358\" src=\"https:\/\/1fcbrelingen.de\/jsg_wedemark\/wp-content\/uploads\/2022\/06\/Bild_2022-06-26_113138130.png\" alt=\"\" class=\"wp-image-1569\" style=\"width:249px;height:179px\" srcset=\"https:\/\/1fcbrelingen.de\/jsg_wedemark\/wp-content\/uploads\/2022\/06\/Bild_2022-06-26_113138130.png 497w, https:\/\/1fcbrelingen.de\/jsg_wedemark\/wp-content\/uploads\/2022\/06\/Bild_2022-06-26_113138130-300x216.png 300w\" sizes=\"auto, (max-width: 497px) 100vw, 497px\" \/><\/figure>\n<\/div>\n\n\n\n<div class=\"wp-block-column is-layout-flow wp-block-column-is-layout-flow\">\n<figure class=\"wp-block-image size-full is-resized\"><img loading=\"lazy\" decoding=\"async\" width=\"768\" height=\"576\" src=\"https:\/\/1fcbrelingen.de\/jsg_wedemark\/wp-content\/uploads\/2022\/02\/Bild_2022-02-13_210516.png\" alt=\"\" class=\"wp-image-1278\" style=\"width:236px;height:177px\" srcset=\"https:\/\/1fcbrelingen.de\/jsg_wedemark\/wp-content\/uploads\/2022\/02\/Bild_2022-02-13_210516.png 768w, https:\/\/1fcbrelingen.de\/jsg_wedemark\/wp-content\/uploads\/2022\/02\/Bild_2022-02-13_210516-300x225.png 300w\" sizes=\"auto, (max-width: 768px) 100vw, 768px\" \/><\/figure>\n<\/div>\n<\/div>\n\n\n\n<div class=\"wp-block-columns is-layout-flex wp-container-core-columns-is-layout-9d6595d7 wp-block-columns-is-layout-flex\">\n<div class=\"wp-block-column is-layout-flow wp-block-column-is-layout-flow\">\n<p>Am Sportplatz 1<\/p>\n<\/div>\n\n\n\n<div class=\"wp-block-column is-layout-flow wp-block-column-is-layout-flow\">\n<p>30900 Wedemark<\/p>\n<\/div>\n\n\n\n<div class=\"wp-block-column is-layout-flow wp-block-column-is-layout-flow\">\n<p id=\"AdresseResse\">Heimst\u00e4tte des 1. FC Brelingen<\/p>\n<\/div>\n<\/div>\n\n\n\n<hr class=\"wp-block-separator has-css-opacity\" id=\"AdresseResse\"\/>\n\n\n\n<div class=\"wp-block-columns is-layout-flex wp-container-core-columns-is-layout-9d6595d7 wp-block-columns-is-layout-flex\">\n<div class=\"wp-block-column is-layout-flow wp-block-column-is-layout-flow\">\n<p><strong>Ort Resse<\/strong><\/p>\n\n\n\n<div style=\"height:20px\" aria-hidden=\"true\" class=\"wp-block-spacer\"><\/div>\n\n\n\n<p>2 Rasenpl\u00e4tze<\/p>\n\n\n\n<p>Restaurant \/ Biergarten<\/p>\n<\/div>\n\n\n\n<div class=\"wp-block-column is-layout-flow wp-block-column-is-layout-flow\">\n<figure class=\"wp-block-image size-large is-resized\"><img loading=\"lazy\" decoding=\"async\" width=\"1024\" height=\"576\" src=\"https:\/\/1fcbrelingen.de\/jsg_wedemark\/wp-content\/uploads\/2022\/06\/Resse-VH-1024x576.jpg\" alt=\"\" class=\"wp-image-1559\" style=\"width:257px;height:144px\" srcset=\"https:\/\/1fcbrelingen.de\/jsg_wedemark\/wp-content\/uploads\/2022\/06\/Resse-VH-1024x576.jpg 1024w, https:\/\/1fcbrelingen.de\/jsg_wedemark\/wp-content\/uploads\/2022\/06\/Resse-VH-300x169.jpg 300w, https:\/\/1fcbrelingen.de\/jsg_wedemark\/wp-content\/uploads\/2022\/06\/Resse-VH-768x432.jpg 768w, https:\/\/1fcbrelingen.de\/jsg_wedemark\/wp-content\/uploads\/2022\/06\/Resse-VH.jpg 1281w\" sizes=\"auto, (max-width: 1024px) 100vw, 1024px\" \/><\/figure>\n<\/div>\n\n\n\n<div class=\"wp-block-column is-layout-flow wp-block-column-is-layout-flow\">\n<figure class=\"wp-block-image size-large is-resized\"><img loading=\"lazy\" decoding=\"async\" width=\"1024\" height=\"642\" src=\"https:\/\/1fcbrelingen.de\/jsg_wedemark\/wp-content\/uploads\/2022\/06\/Bild_2022-06-26_071212704-1024x642.png\" alt=\"\" class=\"wp-image-1564\" style=\"width:231px;height:144px\" srcset=\"https:\/\/1fcbrelingen.de\/jsg_wedemark\/wp-content\/uploads\/2022\/06\/Bild_2022-06-26_071212704-1024x642.png 1024w, https:\/\/1fcbrelingen.de\/jsg_wedemark\/wp-content\/uploads\/2022\/06\/Bild_2022-06-26_071212704-300x188.png 300w, https:\/\/1fcbrelingen.de\/jsg_wedemark\/wp-content\/uploads\/2022\/06\/Bild_2022-06-26_071212704-768x482.png 768w, https:\/\/1fcbrelingen.de\/jsg_wedemark\/wp-content\/uploads\/2022\/06\/Bild_2022-06-26_071212704.png 1188w\" sizes=\"auto, (max-width: 1024px) 100vw, 1024px\" \/><\/figure>\n<\/div>\n<\/div>\n\n\n\n<div class=\"wp-block-columns is-layout-flex wp-container-core-columns-is-layout-9d6595d7 wp-block-columns-is-layout-flex\">\n<div class=\"wp-block-column is-layout-flow wp-block-column-is-layout-flow\">\n<p>Osterbergstra\u00dfe 37<\/p>\n<\/div>\n\n\n\n<div class=\"wp-block-column is-layout-flow wp-block-column-is-layout-flow\">\n<p>30900 Wedemark<\/p>\n<\/div>\n\n\n\n<div class=\"wp-block-column is-layout-flow wp-block-column-is-layout-flow\">\n<p>Heimst\u00e4tte des SV Resse<\/p>\n<\/div>\n<\/div>\n\n\n\n<p><\/p>\n","protected":false},"excerpt":{"rendered":"<p>WO ROLLT DER BALL&#8230; Unsere Vereine bieten auf allen drei Vereinsgel\u00e4nden eine vollumf\u00e4ngliche Ausstattung f\u00fcr den Trainings- und Spielbetrieb. Die Jugendmannschaften nutzen Spielst\u00e4tten aller Vereine. Hierbei wird nach der Mannschaftszusammenstellung besonders darauf geachtet, dass haupts\u00e4chlich an dem Ort trainiert und gespielt wird, der dem Wohnort der meisten Spieler\/-innen nahe liegt. Spielorte Mannschaft Ort Trainingstage A-Jugend [&hellip;]<\/p>\n","protected":false},"author":2,"featured_media":0,"parent":0,"menu_order":0,"comment_status":"closed","ping_status":"closed","template":"","meta":{"footnotes":""},"class_list":["post-607","page","type-page","status-publish","hentry"],"_links":{"self":[{"href":"https:\/\/1fcbrelingen.de\/jsg_wedemark\/wp-json\/wp\/v2\/pages\/607","targetHints":{"allow":["GET"]}}],"collection":[{"href":"https:\/\/1fcbrelingen.de\/jsg_wedemark\/wp-json\/wp\/v2\/pages"}],"about":[{"href":"https:\/\/1fcbrelingen.de\/jsg_wedemark\/wp-json\/wp\/v2\/types\/page"}],"author":[{"embeddable":true,"href":"https:\/\/1fcbrelingen.de\/jsg_wedemark\/wp-json\/wp\/v2\/users\/2"}],"replies":[{"embeddable":true,"href":"https:\/\/1fcbrelingen.de\/jsg_wedemark\/wp-json\/wp\/v2\/comments?post=607"}],"version-history":[{"count":78,"href":"https:\/\/1fcbrelingen.de\/jsg_wedemark\/wp-json\/wp\/v2\/pages\/607\/revisions"}],"predecessor-version":[{"id":2117,"href":"https:\/\/1fcbrelingen.de\/jsg_wedemark\/wp-json\/wp\/v2\/pages\/607\/revisions\/2117"}],"wp:attachment":[{"href":"https:\/\/1fcbrelingen.de\/jsg_wedemark\/wp-json\/wp\/v2\/media?parent=607"}],"curies":[{"name":"wp","href":"https:\/\/api.w.org\/{rel}","templated":true}]}}