{"id":651,"date":"2021-12-10T13:15:58","date_gmt":"2021-12-10T12:15:58","guid":{"rendered":"https:\/\/1fcbrelingen.de\/jsg_wedemark\/?page_id=651"},"modified":"2022-02-03T19:54:03","modified_gmt":"2022-02-03T18:54:03","slug":"jsg-wedemark","status":"publish","type":"page","link":"https:\/\/1fcbrelingen.de\/jsg_wedemark\/kontakt\/jsg-wedemark\/","title":{"rendered":"JSG Wedemark"},"content":{"rendered":"\n<h2 class=\"has-pale-cyan-blue-color has-text-color wp-block-heading\" id=\"kontakt-jsg\">KONTAKT JSG<\/h2>\n\n\n\n<p>S\u00e4mtliche allgemeine oder offizielle Anfragen (wie z.B. Spielverlegungen oder- absagen, Turnieranfragen, Vereinswechsel etc.) sollten \u00fcber unseren federf\u00fchrenden Verein, den <strong>SC Wedemark<\/strong>, \u00fcber des DFBnet-Postfach oder \u00fcber nachfolgende Kontaktadresse gef\u00fchrt werden.<\/p>\n\n\n\n<p>Im Idealfall werden Punktspielangelegenheiten im Vorfeld mit unseren Trainern direkt vorabgestimmt. Die Kontaktdaten der Mannschaftstrainer\/-innen findet ihr <a href=\"https:\/\/1fcbrelingen.de\/jsg_wedemark\/mannschaften\/\">hier.<\/a><\/p>\n\n\n\n<div style=\"height:20px\" aria-hidden=\"true\" class=\"wp-block-spacer\"><\/div>\n\n\n\n<div class=\"wp-block-columns is-layout-flex wp-container-core-columns-is-layout-9d6595d7 wp-block-columns-is-layout-flex\">\n<div class=\"wp-block-column is-layout-flow wp-block-column-is-layout-flow\">\n<div style=\"height:30px\" aria-hidden=\"true\" class=\"wp-block-spacer\"><\/div>\n\n\n\n<div class=\"wp-block-image\"><figure class=\"aligncenter size-full is-resized\"><img loading=\"lazy\" decoding=\"async\" src=\"https:\/\/1fcbrelingen.de\/jsg_wedemark\/wp-content\/uploads\/2021\/11\/cropped-jsg_wedemark_logo.jpg\" alt=\"\" class=\"wp-image-47\" width=\"176\" height=\"106\" srcset=\"https:\/\/1fcbrelingen.de\/jsg_wedemark\/wp-content\/uploads\/2021\/11\/cropped-jsg_wedemark_logo.jpg 415w, https:\/\/1fcbrelingen.de\/jsg_wedemark\/wp-content\/uploads\/2021\/11\/cropped-jsg_wedemark_logo-300x181.jpg 300w\" sizes=\"auto, (max-width: 176px) 100vw, 176px\" \/><\/figure><\/div>\n<\/div>\n\n\n\n<div class=\"wp-block-column is-layout-flow wp-block-column-is-layout-flow\">\n<div style=\"height:30px\" aria-hidden=\"true\" class=\"wp-block-spacer\"><\/div>\n\n\n\n<p><strong>Ansprechpartner JSG<\/strong> <strong>Wedemark<\/strong><\/p>\n\n\n\n<p>Stefan Meyer<\/p>\n\n\n\n<p>Tel.: 0160 \/ 944 96 96 9<\/p>\n\n\n\n<p>E-Mail: <a href=\"mailto:info@jsg-wedemark.de\">info@jsg-wedemark.de<\/a><\/p>\n\n\n\n<div style=\"height:15px\" aria-hidden=\"true\" class=\"wp-block-spacer\"><\/div>\n<\/div>\n\n\n\n<div class=\"wp-block-column is-layout-flow wp-block-column-is-layout-flow\">\n<div style=\"height:30px\" aria-hidden=\"true\" class=\"wp-block-spacer\"><\/div>\n\n\n\n<div class=\"wp-block-image is-style-rounded\"><figure class=\"aligncenter size-large is-resized\"><img loading=\"lazy\" decoding=\"async\" src=\"https:\/\/1fcbrelingen.de\/jsg_wedemark\/wp-content\/uploads\/2021\/12\/IMG_20210126_105727731-edited-scaled.jpg\" alt=\"\" class=\"wp-image-900\" width=\"123\" height=\"123\" srcset=\"https:\/\/1fcbrelingen.de\/jsg_wedemark\/wp-content\/uploads\/2021\/12\/IMG_20210126_105727731-edited-scaled.jpg 2556w, https:\/\/1fcbrelingen.de\/jsg_wedemark\/wp-content\/uploads\/2021\/12\/IMG_20210126_105727731-edited-300x300.jpg 300w, https:\/\/1fcbrelingen.de\/jsg_wedemark\/wp-content\/uploads\/2021\/12\/IMG_20210126_105727731-edited-1022x1024.jpg 1022w, https:\/\/1fcbrelingen.de\/jsg_wedemark\/wp-content\/uploads\/2021\/12\/IMG_20210126_105727731-edited-150x150.jpg 150w, https:\/\/1fcbrelingen.de\/jsg_wedemark\/wp-content\/uploads\/2021\/12\/IMG_20210126_105727731-edited-768x769.jpg 768w, https:\/\/1fcbrelingen.de\/jsg_wedemark\/wp-content\/uploads\/2021\/12\/IMG_20210126_105727731-edited-1534x1536.jpg 1534w, https:\/\/1fcbrelingen.de\/jsg_wedemark\/wp-content\/uploads\/2021\/12\/IMG_20210126_105727731-edited-2045x2048.jpg 2045w\" sizes=\"auto, (max-width: 123px) 100vw, 123px\" \/><\/figure><\/div>\n<\/div>\n<\/div>\n\n\n\n<p><\/p>\n","protected":false},"excerpt":{"rendered":"<p>KONTAKT JSG S\u00e4mtliche allgemeine oder offizielle Anfragen (wie z.B. Spielverlegungen oder- absagen, Turnieranfragen, Vereinswechsel etc.) sollten \u00fcber unseren federf\u00fchrenden Verein, den SC Wedemark, \u00fcber des DFBnet-Postfach oder \u00fcber nachfolgende Kontaktadresse gef\u00fchrt werden. Im Idealfall werden Punktspielangelegenheiten im Vorfeld mit unseren Trainern direkt vorabgestimmt. Die Kontaktdaten der Mannschaftstrainer\/-innen findet ihr hier. Ansprechpartner JSG Wedemark Stefan Meyer [&hellip;]<\/p>\n","protected":false},"author":2,"featured_media":0,"parent":10,"menu_order":0,"comment_status":"closed","ping_status":"closed","template":"","meta":{"footnotes":""},"class_list":["post-651","page","type-page","status-publish","hentry"],"_links":{"self":[{"href":"https:\/\/1fcbrelingen.de\/jsg_wedemark\/wp-json\/wp\/v2\/pages\/651","targetHints":{"allow":["GET"]}}],"collection":[{"href":"https:\/\/1fcbrelingen.de\/jsg_wedemark\/wp-json\/wp\/v2\/pages"}],"about":[{"href":"https:\/\/1fcbrelingen.de\/jsg_wedemark\/wp-json\/wp\/v2\/types\/page"}],"author":[{"embeddable":true,"href":"https:\/\/1fcbrelingen.de\/jsg_wedemark\/wp-json\/wp\/v2\/users\/2"}],"replies":[{"embeddable":true,"href":"https:\/\/1fcbrelingen.de\/jsg_wedemark\/wp-json\/wp\/v2\/comments?post=651"}],"version-history":[{"count":11,"href":"https:\/\/1fcbrelingen.de\/jsg_wedemark\/wp-json\/wp\/v2\/pages\/651\/revisions"}],"predecessor-version":[{"id":1273,"href":"https:\/\/1fcbrelingen.de\/jsg_wedemark\/wp-json\/wp\/v2\/pages\/651\/revisions\/1273"}],"up":[{"embeddable":true,"href":"https:\/\/1fcbrelingen.de\/jsg_wedemark\/wp-json\/wp\/v2\/pages\/10"}],"wp:attachment":[{"href":"https:\/\/1fcbrelingen.de\/jsg_wedemark\/wp-json\/wp\/v2\/media?parent=651"}],"curies":[{"name":"wp","href":"https:\/\/api.w.org\/{rel}","templated":true}]}}