{"id":658,"date":"2021-12-10T13:31:04","date_gmt":"2021-12-10T12:31:04","guid":{"rendered":"https:\/\/1fcbrelingen.de\/jsg_wedemark\/?page_id=658"},"modified":"2022-06-19T13:39:10","modified_gmt":"2022-06-19T11:39:10","slug":"vereine","status":"publish","type":"page","link":"https:\/\/1fcbrelingen.de\/jsg_wedemark\/kontakt\/vereine\/","title":{"rendered":"Vereine"},"content":{"rendered":"\n<h2 class=\"has-pale-cyan-blue-color has-text-color wp-block-heading\" id=\"Vereinskontakte\">DIE STAMMVEREINE<\/h2>\n\n\n\n<div class=\"wp-block-cover is-light\" style=\"min-height:159px;aspect-ratio:unset;\"><span aria-hidden=\"true\" class=\"wp-block-cover__background has-background-dim-20 has-background-dim\"><\/span><img loading=\"lazy\" decoding=\"async\" width=\"786\" height=\"210\" class=\"wp-block-cover__image-background wp-image-868\" alt=\"\" src=\"https:\/\/1fcbrelingen.de\/jsg_wedemark\/wp-content\/uploads\/2021\/12\/DEU_Wedemark_COA_Stamm.png\" style=\"object-position:52% 13%\" data-object-fit=\"cover\" data-object-position=\"52% 13%\" srcset=\"https:\/\/1fcbrelingen.de\/jsg_wedemark\/wp-content\/uploads\/2021\/12\/DEU_Wedemark_COA_Stamm.png 786w, https:\/\/1fcbrelingen.de\/jsg_wedemark\/wp-content\/uploads\/2021\/12\/DEU_Wedemark_COA_Stamm-300x80.png 300w, https:\/\/1fcbrelingen.de\/jsg_wedemark\/wp-content\/uploads\/2021\/12\/DEU_Wedemark_COA_Stamm-768x205.png 768w\" sizes=\"auto, (max-width: 786px) 100vw, 786px\" \/><div class=\"wp-block-cover__inner-container is-layout-flow wp-block-cover-is-layout-flow\">\n<p class=\"has-text-align-center has-pale-cyan-blue-color has-text-color has-large-font-size\"><\/p>\n<\/div><\/div>\n\n\n\n<div style=\"height:60px\" aria-hidden=\"true\" class=\"wp-block-spacer\"><\/div>\n\n\n\n<p>Die JSG Wedemark setzt sich aus Jugendlichen der drei Stammvereine SC Wedemark, 1. FC Brelingen und SV Resse zusammen.<\/p>\n\n\n\n<p>Du bist Mitglied eines unserer Vereine, oder m\u00f6chtest eines werden? Dann bist du hier genau richtig, denn du kannst nicht direkt Mitglied bei der JSG Wedemark sein, sondern bist immer \u00fcber deinen Stammverein &#8222;verwurzelt&#8220;. Auch dein sogenannter Spielerpass f\u00fcr den Spielbetrieb beim Nieders\u00e4chsischen Fu\u00dfballverband (NFV) hat eine Eintragung auf deinen Stammverein.<\/p>\n\n\n\n<p>Wenn du eine neue Mitgliedschaft beantragen m\u00f6chtest, suche dir bitte den Verein mit der k\u00fcrzesten Anfahrt von deinem zu Hause aus. Es spielt dabei keine Rolle, in welcher Mannschaft deines Jahrgangs du spielen m\u00f6chtest.<\/p>\n\n\n\n<p>Hier geht es zu den Kontaktdaten der Vereinszust\u00e4ndigen:<\/p>\n\n\n\n<div style=\"height:25px\" aria-hidden=\"true\" class=\"wp-block-spacer\"><\/div>\n\n\n\n<div class=\"wp-block-columns is-layout-flex wp-container-core-columns-is-layout-9d6595d7 wp-block-columns-is-layout-flex\">\n<div class=\"wp-block-column is-layout-flow wp-block-column-is-layout-flow\"><div class=\"wp-block-image\">\n<figure class=\"aligncenter size-full is-resized\"><a href=\"https:\/\/1fcbrelingen.de\/jsg_wedemark\/kontakt\/vereine\/sc-wedemark\/\"><img loading=\"lazy\" decoding=\"async\" src=\"https:\/\/1fcbrelingen.de\/jsg_wedemark\/wp-content\/uploads\/2021\/12\/SCW-7.png\" alt=\"\" class=\"wp-image-870\" width=\"123\" height=\"144\"\/><\/a><\/figure>\n<\/div>\n\n\n<div style=\"height:20px\" aria-hidden=\"true\" class=\"wp-block-spacer\"><\/div>\n<\/div>\n\n\n\n<div class=\"wp-block-column is-layout-flow wp-block-column-is-layout-flow\"><div class=\"wp-block-image\">\n<figure class=\"aligncenter size-full is-resized\"><a href=\"https:\/\/1fcbrelingen.de\/jsg_wedemark\/kontakt\/vereine\/sv-resse-e-v-von-1963\/\"><img loading=\"lazy\" decoding=\"async\" src=\"https:\/\/1fcbrelingen.de\/jsg_wedemark\/wp-content\/uploads\/2021\/12\/cropped-SV-Resse-Logo-4.png\" alt=\"\" class=\"wp-image-872\" width=\"196\" height=\"98\" srcset=\"https:\/\/1fcbrelingen.de\/jsg_wedemark\/wp-content\/uploads\/2021\/12\/cropped-SV-Resse-Logo-4.png 500w, https:\/\/1fcbrelingen.de\/jsg_wedemark\/wp-content\/uploads\/2021\/12\/cropped-SV-Resse-Logo-4-300x150.png 300w\" sizes=\"auto, (max-width: 196px) 100vw, 196px\" \/><\/a><\/figure>\n<\/div>\n\n\n<div style=\"height:20px\" aria-hidden=\"true\" class=\"wp-block-spacer\"><\/div>\n<\/div>\n\n\n\n<div class=\"wp-block-column is-layout-flow wp-block-column-is-layout-flow\"><div class=\"wp-block-image\">\n<figure class=\"aligncenter size-full is-resized\"><a href=\"https:\/\/1fcbrelingen.de\/jsg_wedemark\/kontakt\/vereine\/1-fc-brelingen-von-1961-e-v\/\"><img loading=\"lazy\" decoding=\"async\" src=\"https:\/\/1fcbrelingen.de\/jsg_wedemark\/wp-content\/uploads\/2022\/04\/LOGO_FINAL_WEB_200-2.jpg\" alt=\"\" class=\"wp-image-1335\" width=\"141\" height=\"141\" srcset=\"https:\/\/1fcbrelingen.de\/jsg_wedemark\/wp-content\/uploads\/2022\/04\/LOGO_FINAL_WEB_200-2.jpg 200w, https:\/\/1fcbrelingen.de\/jsg_wedemark\/wp-content\/uploads\/2022\/04\/LOGO_FINAL_WEB_200-2-150x150.jpg 150w\" sizes=\"auto, (max-width: 141px) 100vw, 141px\" \/><\/a><\/figure>\n<\/div><\/div>\n<\/div>\n\n\n\n<p><\/p>\n","protected":false},"excerpt":{"rendered":"<p>DIE STAMMVEREINE Die JSG Wedemark setzt sich aus Jugendlichen der drei Stammvereine SC Wedemark, 1. FC Brelingen und SV Resse zusammen. Du bist Mitglied eines unserer Vereine, oder m\u00f6chtest eines werden? Dann bist du hier genau richtig, denn du kannst nicht direkt Mitglied bei der JSG Wedemark sein, sondern bist immer \u00fcber deinen Stammverein &#8222;verwurzelt&#8220;. [&hellip;]<\/p>\n","protected":false},"author":2,"featured_media":0,"parent":10,"menu_order":0,"comment_status":"closed","ping_status":"closed","template":"","meta":{"footnotes":""},"class_list":["post-658","page","type-page","status-publish","hentry"],"_links":{"self":[{"href":"https:\/\/1fcbrelingen.de\/jsg_wedemark\/wp-json\/wp\/v2\/pages\/658","targetHints":{"allow":["GET"]}}],"collection":[{"href":"https:\/\/1fcbrelingen.de\/jsg_wedemark\/wp-json\/wp\/v2\/pages"}],"about":[{"href":"https:\/\/1fcbrelingen.de\/jsg_wedemark\/wp-json\/wp\/v2\/types\/page"}],"author":[{"embeddable":true,"href":"https:\/\/1fcbrelingen.de\/jsg_wedemark\/wp-json\/wp\/v2\/users\/2"}],"replies":[{"embeddable":true,"href":"https:\/\/1fcbrelingen.de\/jsg_wedemark\/wp-json\/wp\/v2\/comments?post=658"}],"version-history":[{"count":28,"href":"https:\/\/1fcbrelingen.de\/jsg_wedemark\/wp-json\/wp\/v2\/pages\/658\/revisions"}],"predecessor-version":[{"id":1488,"href":"https:\/\/1fcbrelingen.de\/jsg_wedemark\/wp-json\/wp\/v2\/pages\/658\/revisions\/1488"}],"up":[{"embeddable":true,"href":"https:\/\/1fcbrelingen.de\/jsg_wedemark\/wp-json\/wp\/v2\/pages\/10"}],"wp:attachment":[{"href":"https:\/\/1fcbrelingen.de\/jsg_wedemark\/wp-json\/wp\/v2\/media?parent=658"}],"curies":[{"name":"wp","href":"https:\/\/api.w.org\/{rel}","templated":true}]}}