{"id":9,"date":"2021-11-04T19:40:46","date_gmt":"2021-11-04T18:40:46","guid":{"rendered":"https:\/\/1fcbrelingen.de\/jsg_wedemark\/?page_id=9"},"modified":"2025-05-04T22:28:04","modified_gmt":"2025-05-04T20:28:04","slug":"ueber-uns","status":"publish","type":"page","link":"https:\/\/1fcbrelingen.de\/jsg_wedemark\/ueber-uns\/","title":{"rendered":"\u00dcber uns"},"content":{"rendered":"\n<h2 class=\"wp-block-heading has-pale-cyan-blue-color has-text-color\" id=\"konzept\">KONZEPT<\/h2>\n\n\n\n<p class=\"has-text-align-left\">Die JSG Wedemark ist eine Jugendspielgemeinschaft, in der seit 2008 die Fu\u00dfballjunior\/-innen vom SV Resse, SC Wedemark und vom 1.FC Brelingen ab der D-Jugend Mannschaften bilden. Somit k\u00f6nnen diese drei Vereine ihrem Nachwuchs ein alters- und leistungsgerechtes Training anbieten und die M\u00f6glichkeit pers\u00f6nliche und sportliche Ziele zu verwirklichen.<\/p>\n\n\n\n<p class=\"has-text-align-left\">F\u00fcr den oberen Jugendbereich ist es Ziel der JSG allen jugendlichen Fu\u00dfballer\/-innen der Spielklassen A bis D, ihren Ambitionen und Talenten entsprechend leistungsdifferenzierte Spiel- und Trainingsm\u00f6glichkeiten anzubieten. Dabei sollen zum einen leistungsorientierte Mannschaften etabliert, zum anderen weniger ambitionierten Jugendlichen Spa\u00df am Fu\u00dfball vermittelt werden. Das uns dies in der Vergangenheit auch bereits gelungen ist, bezeugen die Jahre 2015 &#8211; 2023, in denen durchg\u00e4ngig mindestens eine Mannschaft der JSG in der Bezirksliga angetreten ist. Auf diesen guten Weg m\u00f6chten wir wieder kommen, was nicht unbedingt am Fehlen talentierter Jugendlicher liegt, sondern schlicht an der Tatsache, dass sich die Suche nach motivierten Trainer\/-innen oder auch Betreuer\/-innen immer schwieriger gestaltet. Meist sind es V\u00e4ter oder M\u00fctter, die ihren Nachwuchs betreuen, was aktuell auch eher seltener ist.\u00a0Wir laden daher Eltern, Verwandte und Spieler-\/innen, aber auch sonst am Jugendfu\u00dfball Interessierte aus der gesamten Wedemark ein, einen m\u00f6glichst erfolgreichen Sport unserer Jugend zu erm\u00f6glichen.<\/p>\n\n\n\n<p class=\"has-text-align-left\">Alle an Fu\u00dfball interessierten Junior\/-innen sind bei uns herzlich willkommen. Wir bieten unseren Kindern\/Jugendlichen eine sinnvolle Freizeitbesch\u00e4ftigung und f\u00f6rdern Freude am Sport und Kameradschaft. Grunds\u00e4tzlich steht der mittel- und langfristige Ausbildungsaspekt vor dem kurzfristigen Erfolgsstreben. Die Ausbildung unseres Nachwuchses beinhaltet neben der sportlichen auch eine soziale und pers\u00f6nliche Komponente. Der pers\u00f6nliche Bezug von <a href=\"https:\/\/1fcbrelingen.de\/jsg_wedemark\/trainer-innen\/\">Trainer\/-in<\/a> und Spieler\/-in spielt dabei eine herausragende Rolle. Ansporn f\u00fcr unsere Trainerenden ist die Faszination und Leidenschaft f\u00fcr den Sport. <\/p>\n\n\n\n<p class=\"has-text-align-left\">Wir f\u00f6rdern den fairen Wettstreit in Training und Spiel und fordern Zusammenhalt sowie ein Klima gegenseitigen Wohlwollens. Wir ermutigen unseren Nachwuchs neugierig, aufgeschlossen und lernfreudig Herausforderungen anzunehmen, sich zu vergleichen, die eigenen Leistungsgrenzen zu entdecken, zu \u00fcberwinden und zu erweitern. Die Spieler\/-innen lernen sich in einer Gemeinschaft zu Recht zu finden, Verantwortung zu \u00fcbernehmen, sowie respektvoll und kollegial mit anderen Menschen umzugehen. <\/p>\n\n\n\n<p class=\"has-text-align-left\">Wir m\u00f6chten die jungen Sportler\/-innen f\u00fcr Fu\u00dfball begeistern, die Jugendmannschaften kontinuierlich f\u00f6rdern sowie das Vereinsleben durch Anteilnahme und Geselligkeit bereichern. Auf diesem Wege stehen die sportliche Entwicklung und die soziale Integration des Einzelnen im Mittelpunkt. Dazu bieten wir Trainer\/-innen, Spielenden, ihren Angeh\u00f6rigen und Freund\/-innen ein vertrauensvolles und kollegiales Umfeld.<\/p>\n\n\n\n<p><strong>Mit sportlichem Gru\u00df Gremium JSG Wedemark<\/strong><\/p>\n","protected":false},"excerpt":{"rendered":"<p>KONZEPT Die JSG Wedemark ist eine Jugendspielgemeinschaft, in der seit 2008 die Fu\u00dfballjunior\/-innen vom SV Resse, SC Wedemark und vom 1.FC Brelingen ab der D-Jugend Mannschaften bilden. Somit k\u00f6nnen diese drei Vereine ihrem Nachwuchs ein alters- und leistungsgerechtes Training anbieten und die M\u00f6glichkeit pers\u00f6nliche und sportliche Ziele zu verwirklichen. F\u00fcr den oberen Jugendbereich ist es [&hellip;]<\/p>\n","protected":false},"author":1,"featured_media":0,"parent":0,"menu_order":0,"comment_status":"closed","ping_status":"closed","template":"","meta":{"footnotes":""},"class_list":["post-9","page","type-page","status-publish","hentry"],"_links":{"self":[{"href":"https:\/\/1fcbrelingen.de\/jsg_wedemark\/wp-json\/wp\/v2\/pages\/9","targetHints":{"allow":["GET"]}}],"collection":[{"href":"https:\/\/1fcbrelingen.de\/jsg_wedemark\/wp-json\/wp\/v2\/pages"}],"about":[{"href":"https:\/\/1fcbrelingen.de\/jsg_wedemark\/wp-json\/wp\/v2\/types\/page"}],"author":[{"embeddable":true,"href":"https:\/\/1fcbrelingen.de\/jsg_wedemark\/wp-json\/wp\/v2\/users\/1"}],"replies":[{"embeddable":true,"href":"https:\/\/1fcbrelingen.de\/jsg_wedemark\/wp-json\/wp\/v2\/comments?post=9"}],"version-history":[{"count":16,"href":"https:\/\/1fcbrelingen.de\/jsg_wedemark\/wp-json\/wp\/v2\/pages\/9\/revisions"}],"predecessor-version":[{"id":2060,"href":"https:\/\/1fcbrelingen.de\/jsg_wedemark\/wp-json\/wp\/v2\/pages\/9\/revisions\/2060"}],"wp:attachment":[{"href":"https:\/\/1fcbrelingen.de\/jsg_wedemark\/wp-json\/wp\/v2\/media?parent=9"}],"curies":[{"name":"wp","href":"https:\/\/api.w.org\/{rel}","templated":true}]}}